{"id":156,"date":"2020-08-24T20:13:16","date_gmt":"2020-08-24T20:13:16","guid":{"rendered":"https:\/\/kinder-und-jugendfoerderung-wirkt.ch\/zurich\/?page_id=156"},"modified":"2025-04-08T13:55:16","modified_gmt":"2025-04-08T13:55:16","slug":"home","status":"publish","type":"page","link":"https:\/\/kinder-und-jugendfoerderung-wirkt.ch\/zurich\/","title":{"rendered":"Home"},"content":{"rendered":"\n<h1 class=\"wp-block-heading\"><s>K<\/s>INDER- UND JUGENDF\u00d6RDERUNG <strong>KANTON Z\u00dcRICH<\/strong><\/h1>\n\n\n\n<p>Seit 1925 wirkt die Kinder- und Jugendf\u00f6rderung im Kanton Z\u00fcrich! Die okaj z\u00fcrich ist vom Kanton mit der Kinder- und Jugendf\u00f6rderung beauftragt und ist gleichzeitig der Dachverband der Offenen, verbandlichen und kirchlichen Kinder- und Jugendarbeit mit \u00fcber 600 Mitgliederorganisationen.<\/p>\n\n\n\n<p>2015 hat die okaj z\u00fcrich anl\u00e4sslich des 90-j\u00e4hrigen Jubil\u00e4ums der Kinder- und Jugendf\u00f6rderung im Kanton Z\u00fcrich deren <a href=\"https:\/\/okaj.ch\/geschichte\">Geschichte<\/a>, Gegenwart und Zukunft beleuchtet und einer breiten \u00d6ffentlichkeit n\u00e4her gebracht. Mit einer interaktiven Wanderausstellung sind wir durch den Kanton Z\u00fcrich getourt und haben insgesamt 26 Standorte besucht. Im Folgeprojekt <a href=\"https:\/\/www.okaj.ch\/projekte\/weiterentwicklung-kjf\" target=\"_blank\" rel=\"noreferrer noopener\">Gemeinsame Weiterentwicklung der Kinder- und Jugendf\u00f6rderung im Kanton Z\u00fcrich<\/a> f\u00fchrt die okaj z\u00fcrich im Rahmen des KJFG ein Programm zur Weiterentwicklung der Angebote, Strukturen und Bedingungen im Bereich der Kinder- und Jugendf\u00f6rderung durch. Das Programm wird durch den Bund unterst\u00fctzt und im Auftrag des Kantons (Amt f\u00fcr Jugend und Berufsberatung) von 2018 bis 2020 umgesetzt.<\/p>\n\n\n\n<p>Wir laden weiterhin alle Akteur*innen der Kinder- und Jugendf\u00f6rderung ein, ihre Angebote sichtbar zu machen. Die okaj z\u00fcrich stellt das Signet sowie die damit verbundenen Kernbotschaften zur Verf\u00fcgung. Auch die vorhandenen Werbemittel k\u00f6nnen weiterhin ausgeliehen werden. <br><\/p>\n\n\n\n<p>Informieren Sie sich auf unserem Website \u00fcber unsere umfassenden Aktivit\u00e4ten und unser Angebot zur St\u00e4rkung der Kinder- und Jugendf\u00f6rderung im Kanton Z\u00fcrich: <a href=\"https:\/\/okaj.ch\/\">okaj.ch<\/a><\/p>\n\n\n<style>\n\t.kjw-spacer-id-WXGT8FJKCI {\n\t\theight: 40px;\n\t}\n\t@media (min-width: 768px) {\n\t\t.kjw-spacer-id-WXGT8FJKCI {\n\t\t\theight: 80px;\n\t\t}\n\t}\n<\/style>\n<div class=\"kjw-spacer-block kjw-spacer-id-WXGT8FJKCI\"><\/div>\n\n\n\n<figure class=\"wp-block-embed is-type-video is-provider-youtube wp-block-embed-youtube wp-embed-aspect-16-9 wp-has-aspect-ratio\"><div class=\"wp-block-embed__wrapper\">\n<iframe loading=\"lazy\" title=\"okaj z\u00fcrich \u2013 90 Jahre Kinder- und Jugendf\u00f6rderung im Kanton Z\u00fcrich\" width=\"500\" height=\"281\" src=\"https:\/\/www.youtube.com\/embed\/bamomv52WKk?feature=oembed\" frameborder=\"0\" allow=\"accelerometer; autoplay; clipboard-write; encrypted-media; gyroscope; picture-in-picture; web-share\" referrerpolicy=\"strict-origin-when-cross-origin\" allowfullscreen><\/iframe>\n<\/div><\/figure>\n\n\n<style>\n\t.kjw-spacer-id-64CNU0GMZ7 {\n\t\theight: 40px;\n\t}\n\t@media (min-width: 768px) {\n\t\t.kjw-spacer-id-64CNU0GMZ7 {\n\t\t\theight: 80px;\n\t\t}\n\t}\n<\/style>\n<div class=\"kjw-spacer-block kjw-spacer-id-64CNU0GMZ7\"><\/div>\n\n\n<div class=\"wp-block-image\">\n<figure class=\"alignleft size-large is-resized\"><img loading=\"lazy\" decoding=\"async\" width=\"426\" height=\"418\" src=\"https:\/\/kinder-und-jugendfoerderung-wirkt.ch\/zurich\/wp-content\/uploads\/sites\/3\/2020\/08\/KJW-logo-zh-1.png\" alt=\"\" class=\"wp-image-580\" style=\"width:213px;height:209px\" srcset=\"https:\/\/kinder-und-jugendfoerderung-wirkt.ch\/zurich\/wp-content\/uploads\/sites\/3\/2020\/08\/KJW-logo-zh-1.png 426w, https:\/\/kinder-und-jugendfoerderung-wirkt.ch\/zurich\/wp-content\/uploads\/sites\/3\/2020\/08\/KJW-logo-zh-1-300x294.png 300w\" sizes=\"auto, (max-width: 426px) 100vw, 426px\" \/><\/figure><\/div>","protected":false},"excerpt":{"rendered":"<p>KINDER- UND JUGENDF\u00d6RDERUNG KANTON Z\u00dcRICH Seit 1925 wirkt die Kinder- und Jugendf\u00f6rderung im Kanton Z\u00fcrich! Die okaj z\u00fcrich ist vom Kanton mit der Kinder- und Jugendf\u00f6rderung beauftragt und ist gleichzeitig der Dachverband der Offenen, verbandlichen und kirchlichen Kinder- und Jugendarbeit mit \u00fcber 600 Mitgliederorganisationen. 2015 hat die okaj z\u00fcrich anl\u00e4sslich des 90-j\u00e4hrigen Jubil\u00e4ums der Kinder- [&hellip;]<\/p>\n","protected":false},"author":1,"featured_media":0,"parent":0,"menu_order":0,"comment_status":"closed","ping_status":"closed","template":"","meta":{"_acf_changed":false,"footnotes":""},"class_list":["post-156","page","type-page","status-publish","hentry"],"acf":[],"yoast_head":"<!-- This site is optimized with the Yoast SEO plugin v25.2 - https:\/\/yoast.com\/wordpress\/plugins\/seo\/ -->\n<title>Home - Z\u00fcrich - Kinder und Jugendf\u00f6rderung wirkt<\/title>\n<meta name=\"robots\" content=\"index, follow, max-snippet:-1, max-image-preview:large, max-video-preview:-1\" \/>\n<link rel=\"canonical\" href=\"https:\/\/kinder-und-jugendfoerderung-wirkt.ch\/zurich\/\" \/>\n<meta property=\"og:locale\" content=\"de_DE\" \/>\n<meta property=\"og:type\" content=\"article\" \/>\n<meta property=\"og:title\" content=\"Home - Z\u00fcrich - Kinder und Jugendf\u00f6rderung wirkt\" \/>\n<meta property=\"og:description\" content=\"KINDER- UND JUGENDF\u00d6RDERUNG KANTON Z\u00dcRICH Seit 1925 wirkt die Kinder- und Jugendf\u00f6rderung im Kanton Z\u00fcrich! Die okaj z\u00fcrich ist vom Kanton mit der Kinder- und Jugendf\u00f6rderung beauftragt und ist gleichzeitig der Dachverband der Offenen, verbandlichen und kirchlichen Kinder- und Jugendarbeit mit \u00fcber 600 Mitgliederorganisationen. 2015 hat die okaj z\u00fcrich anl\u00e4sslich des 90-j\u00e4hrigen Jubil\u00e4ums der Kinder- [&hellip;]\" \/>\n<meta property=\"og:url\" content=\"https:\/\/kinder-und-jugendfoerderung-wirkt.ch\/zurich\/\" \/>\n<meta property=\"og:site_name\" content=\"Z\u00fcrich - Kinder und Jugendf\u00f6rderung wirkt\" \/>\n<meta property=\"article:modified_time\" content=\"2025-04-08T13:55:16+00:00\" \/>\n<meta property=\"og:image\" content=\"https:\/\/kinder-und-jugendfoerderung-wirkt.ch\/zurich\/wp-content\/uploads\/sites\/3\/2020\/08\/KJW-logo-zh-1.png\" \/>\n<meta name=\"twitter:card\" content=\"summary_large_image\" \/>\n<meta name=\"twitter:label1\" content=\"Gesch\u00e4tzte Lesezeit\" \/>\n\t<meta name=\"twitter:data1\" content=\"2\u00a0Minuten\" \/>\n<script type=\"application\/ld+json\" class=\"yoast-schema-graph\">{\"@context\":\"https:\/\/schema.org\",\"@graph\":[{\"@type\":\"WebPage\",\"@id\":\"https:\/\/kinder-und-jugendfoerderung-wirkt.ch\/zurich\/\",\"url\":\"https:\/\/kinder-und-jugendfoerderung-wirkt.ch\/zurich\/\",\"name\":\"Home - Z\u00fcrich - Kinder und Jugendf\u00f6rderung wirkt\",\"isPartOf\":{\"@id\":\"https:\/\/kinder-und-jugendfoerderung-wirkt.ch\/zurich\/#website\"},\"primaryImageOfPage\":{\"@id\":\"https:\/\/kinder-und-jugendfoerderung-wirkt.ch\/zurich\/#primaryimage\"},\"image\":{\"@id\":\"https:\/\/kinder-und-jugendfoerderung-wirkt.ch\/zurich\/#primaryimage\"},\"thumbnailUrl\":\"https:\/\/kinder-und-jugendfoerderung-wirkt.ch\/zurich\/wp-content\/uploads\/sites\/3\/2020\/08\/KJW-logo-zh-1.png\",\"datePublished\":\"2020-08-24T20:13:16+00:00\",\"dateModified\":\"2025-04-08T13:55:16+00:00\",\"breadcrumb\":{\"@id\":\"https:\/\/kinder-und-jugendfoerderung-wirkt.ch\/zurich\/#breadcrumb\"},\"inLanguage\":\"de-CH\",\"potentialAction\":[{\"@type\":\"ReadAction\",\"target\":[\"https:\/\/kinder-und-jugendfoerderung-wirkt.ch\/zurich\/\"]}]},{\"@type\":\"ImageObject\",\"inLanguage\":\"de-CH\",\"@id\":\"https:\/\/kinder-und-jugendfoerderung-wirkt.ch\/zurich\/#primaryimage\",\"url\":\"https:\/\/kinder-und-jugendfoerderung-wirkt.ch\/zurich\/wp-content\/uploads\/sites\/3\/2020\/08\/KJW-logo-zh-1.png\",\"contentUrl\":\"https:\/\/kinder-und-jugendfoerderung-wirkt.ch\/zurich\/wp-content\/uploads\/sites\/3\/2020\/08\/KJW-logo-zh-1.png\",\"width\":426,\"height\":418},{\"@type\":\"BreadcrumbList\",\"@id\":\"https:\/\/kinder-und-jugendfoerderung-wirkt.ch\/zurich\/#breadcrumb\",\"itemListElement\":[{\"@type\":\"ListItem\",\"position\":1,\"name\":\"Home\",\"item\":\"https:\/\/kinder-und-jugendfoerderung-wirkt.ch\/zurich\/\"},{\"@type\":\"ListItem\",\"position\":2,\"name\":\"Home\"}]},{\"@type\":\"WebSite\",\"@id\":\"https:\/\/kinder-und-jugendfoerderung-wirkt.ch\/zurich\/#website\",\"url\":\"https:\/\/kinder-und-jugendfoerderung-wirkt.ch\/zurich\/\",\"name\":\"Z\u00fcrich - Kinder und Jugendf\u00f6rderung wirkt\",\"description\":\"Just another Kinder und Jugendf\u00f6rderung wirkt Sites site\",\"potentialAction\":[{\"@type\":\"SearchAction\",\"target\":{\"@type\":\"EntryPoint\",\"urlTemplate\":\"https:\/\/kinder-und-jugendfoerderung-wirkt.ch\/zurich\/?s={search_term_string}\"},\"query-input\":{\"@type\":\"PropertyValueSpecification\",\"valueRequired\":true,\"valueName\":\"search_term_string\"}}],\"inLanguage\":\"de-CH\"}]}<\/script>\n<!-- \/ Yoast SEO plugin. -->","yoast_head_json":{"title":"Home - Z\u00fcrich - Kinder und Jugendf\u00f6rderung wirkt","robots":{"index":"index","follow":"follow","max-snippet":"max-snippet:-1","max-image-preview":"max-image-preview:large","max-video-preview":"max-video-preview:-1"},"canonical":"https:\/\/kinder-und-jugendfoerderung-wirkt.ch\/zurich\/","og_locale":"de_DE","og_type":"article","og_title":"Home - Z\u00fcrich - Kinder und Jugendf\u00f6rderung wirkt","og_description":"KINDER- UND JUGENDF\u00d6RDERUNG KANTON Z\u00dcRICH Seit 1925 wirkt die Kinder- und Jugendf\u00f6rderung im Kanton Z\u00fcrich! Die okaj z\u00fcrich ist vom Kanton mit der Kinder- und Jugendf\u00f6rderung beauftragt und ist gleichzeitig der Dachverband der Offenen, verbandlichen und kirchlichen Kinder- und Jugendarbeit mit \u00fcber 600 Mitgliederorganisationen. 2015 hat die okaj z\u00fcrich anl\u00e4sslich des 90-j\u00e4hrigen Jubil\u00e4ums der Kinder- [&hellip;]","og_url":"https:\/\/kinder-und-jugendfoerderung-wirkt.ch\/zurich\/","og_site_name":"Z\u00fcrich - Kinder und Jugendf\u00f6rderung wirkt","article_modified_time":"2025-04-08T13:55:16+00:00","og_image":[{"url":"https:\/\/kinder-und-jugendfoerderung-wirkt.ch\/zurich\/wp-content\/uploads\/sites\/3\/2020\/08\/KJW-logo-zh-1.png","type":"","width":"","height":""}],"twitter_card":"summary_large_image","twitter_misc":{"Gesch\u00e4tzte Lesezeit":"2\u00a0Minuten"},"schema":{"@context":"https:\/\/schema.org","@graph":[{"@type":"WebPage","@id":"https:\/\/kinder-und-jugendfoerderung-wirkt.ch\/zurich\/","url":"https:\/\/kinder-und-jugendfoerderung-wirkt.ch\/zurich\/","name":"Home - Z\u00fcrich - Kinder und Jugendf\u00f6rderung wirkt","isPartOf":{"@id":"https:\/\/kinder-und-jugendfoerderung-wirkt.ch\/zurich\/#website"},"primaryImageOfPage":{"@id":"https:\/\/kinder-und-jugendfoerderung-wirkt.ch\/zurich\/#primaryimage"},"image":{"@id":"https:\/\/kinder-und-jugendfoerderung-wirkt.ch\/zurich\/#primaryimage"},"thumbnailUrl":"https:\/\/kinder-und-jugendfoerderung-wirkt.ch\/zurich\/wp-content\/uploads\/sites\/3\/2020\/08\/KJW-logo-zh-1.png","datePublished":"2020-08-24T20:13:16+00:00","dateModified":"2025-04-08T13:55:16+00:00","breadcrumb":{"@id":"https:\/\/kinder-und-jugendfoerderung-wirkt.ch\/zurich\/#breadcrumb"},"inLanguage":"de-CH","potentialAction":[{"@type":"ReadAction","target":["https:\/\/kinder-und-jugendfoerderung-wirkt.ch\/zurich\/"]}]},{"@type":"ImageObject","inLanguage":"de-CH","@id":"https:\/\/kinder-und-jugendfoerderung-wirkt.ch\/zurich\/#primaryimage","url":"https:\/\/kinder-und-jugendfoerderung-wirkt.ch\/zurich\/wp-content\/uploads\/sites\/3\/2020\/08\/KJW-logo-zh-1.png","contentUrl":"https:\/\/kinder-und-jugendfoerderung-wirkt.ch\/zurich\/wp-content\/uploads\/sites\/3\/2020\/08\/KJW-logo-zh-1.png","width":426,"height":418},{"@type":"BreadcrumbList","@id":"https:\/\/kinder-und-jugendfoerderung-wirkt.ch\/zurich\/#breadcrumb","itemListElement":[{"@type":"ListItem","position":1,"name":"Home","item":"https:\/\/kinder-und-jugendfoerderung-wirkt.ch\/zurich\/"},{"@type":"ListItem","position":2,"name":"Home"}]},{"@type":"WebSite","@id":"https:\/\/kinder-und-jugendfoerderung-wirkt.ch\/zurich\/#website","url":"https:\/\/kinder-und-jugendfoerderung-wirkt.ch\/zurich\/","name":"Z\u00fcrich - Kinder und Jugendf\u00f6rderung wirkt","description":"Just another Kinder und Jugendf\u00f6rderung wirkt Sites site","potentialAction":[{"@type":"SearchAction","target":{"@type":"EntryPoint","urlTemplate":"https:\/\/kinder-und-jugendfoerderung-wirkt.ch\/zurich\/?s={search_term_string}"},"query-input":{"@type":"PropertyValueSpecification","valueRequired":true,"valueName":"search_term_string"}}],"inLanguage":"de-CH"}]}},"_links":{"self":[{"href":"https:\/\/kinder-und-jugendfoerderung-wirkt.ch\/zurich\/wp-json\/wp\/v2\/pages\/156","targetHints":{"allow":["GET"]}}],"collection":[{"href":"https:\/\/kinder-und-jugendfoerderung-wirkt.ch\/zurich\/wp-json\/wp\/v2\/pages"}],"about":[{"href":"https:\/\/kinder-und-jugendfoerderung-wirkt.ch\/zurich\/wp-json\/wp\/v2\/types\/page"}],"author":[{"embeddable":true,"href":"https:\/\/kinder-und-jugendfoerderung-wirkt.ch\/zurich\/wp-json\/wp\/v2\/users\/1"}],"replies":[{"embeddable":true,"href":"https:\/\/kinder-und-jugendfoerderung-wirkt.ch\/zurich\/wp-json\/wp\/v2\/comments?post=156"}],"version-history":[{"count":54,"href":"https:\/\/kinder-und-jugendfoerderung-wirkt.ch\/zurich\/wp-json\/wp\/v2\/pages\/156\/revisions"}],"predecessor-version":[{"id":744,"href":"https:\/\/kinder-und-jugendfoerderung-wirkt.ch\/zurich\/wp-json\/wp\/v2\/pages\/156\/revisions\/744"}],"wp:attachment":[{"href":"https:\/\/kinder-und-jugendfoerderung-wirkt.ch\/zurich\/wp-json\/wp\/v2\/media?parent=156"}],"curies":[{"name":"wp","href":"https:\/\/api.w.org\/{rel}","templated":true}]}}