{"id":14,"date":"2020-07-26T14:42:17","date_gmt":"2020-07-26T14:42:17","guid":{"rendered":"https:\/\/zurich.kinder-und-jugendfoerderung-wirkt.ch\/?page_id=14"},"modified":"2025-04-08T13:45:13","modified_gmt":"2025-04-08T13:45:13","slug":"kontakt","status":"publish","type":"page","link":"https:\/\/kinder-und-jugendfoerderung-wirkt.ch\/zurich\/kontakt\/","title":{"rendered":"Kontakt"},"content":{"rendered":"<section class=\"kjw-two-column\">\n\t<div class=\"row\">\n\n\t\t\t\t<div class=\"kjw-two-column_text col-12 col-md-7\">\n\n\t\t\t\n\t\t\t<h1><del>K<\/del>ONTAKT<\/h1>\n<p>okaj z\u00fcrich<br \/>\nKantonale Kinder- und Jugendf\u00f6rderung<br \/>\nHafnerstrasse 60, 8005 Z\u00fcrich<br \/>\nT: 044 366 50 10<br \/>\nE: info@okaj.ch<br \/>\n<a href=\"https:\/\/okaj.ch\/\">okaj.ch<\/a><\/p>\n\n\t\t<\/div>\n\t\t\n\t\t\t\t<div class=\"kjw-two-column_image kjw-two-column_image--center col-12 col-md-5\">\n\n\t\t\t<img loading=\"lazy\" decoding=\"async\" width=\"414\" height=\"552\" class=\"wp-image-448\" src=\"https:\/\/kinder-und-jugendfoerderung-wirkt.ch\/zurich\/wp-content\/uploads\/sites\/3\/2020\/08\/signet-web-blue-sidebar@2x.png\" alt=\"\" srcset=\"https:\/\/kinder-und-jugendfoerderung-wirkt.ch\/zurich\/wp-content\/uploads\/sites\/3\/2020\/08\/signet-web-blue-sidebar@2x.png 414w, https:\/\/kinder-und-jugendfoerderung-wirkt.ch\/zurich\/wp-content\/uploads\/sites\/3\/2020\/08\/signet-web-blue-sidebar@2x-225x300.png 225w\" sizes=\"auto, (max-width: 414px) 100vw, 414px\" \/>\n\n\t\t\t\n\t\t<\/div>\n\t\t\n\t<\/div>\n<\/section>\n\n\n","protected":false},"excerpt":{"rendered":"","protected":false},"author":1,"featured_media":0,"parent":0,"menu_order":0,"comment_status":"closed","ping_status":"closed","template":"","meta":{"_acf_changed":false,"footnotes":""},"class_list":["post-14","page","type-page","status-publish","hentry"],"acf":[],"yoast_head":"<!-- This site is optimized with the Yoast SEO plugin v25.2 - https:\/\/yoast.com\/wordpress\/plugins\/seo\/ -->\n<title>Kontakt - Z\u00fcrich - Kinder und Jugendf\u00f6rderung wirkt<\/title>\n<meta name=\"robots\" content=\"index, follow, max-snippet:-1, max-image-preview:large, max-video-preview:-1\" \/>\n<link rel=\"canonical\" href=\"https:\/\/kinder-und-jugendfoerderung-wirkt.ch\/zurich\/kontakt\/\" \/>\n<meta property=\"og:locale\" content=\"de_DE\" \/>\n<meta property=\"og:type\" content=\"article\" \/>\n<meta property=\"og:title\" content=\"Kontakt - Z\u00fcrich - Kinder und Jugendf\u00f6rderung wirkt\" \/>\n<meta property=\"og:url\" content=\"https:\/\/kinder-und-jugendfoerderung-wirkt.ch\/zurich\/kontakt\/\" \/>\n<meta property=\"og:site_name\" content=\"Z\u00fcrich - Kinder und Jugendf\u00f6rderung wirkt\" \/>\n<meta property=\"article:modified_time\" content=\"2025-04-08T13:45:13+00:00\" \/>\n<meta name=\"twitter:card\" content=\"summary_large_image\" \/>\n<script type=\"application\/ld+json\" class=\"yoast-schema-graph\">{\"@context\":\"https:\/\/schema.org\",\"@graph\":[{\"@type\":\"WebPage\",\"@id\":\"https:\/\/kinder-und-jugendfoerderung-wirkt.ch\/zurich\/kontakt\/\",\"url\":\"https:\/\/kinder-und-jugendfoerderung-wirkt.ch\/zurich\/kontakt\/\",\"name\":\"Kontakt - Z\u00fcrich - Kinder und Jugendf\u00f6rderung wirkt\",\"isPartOf\":{\"@id\":\"https:\/\/kinder-und-jugendfoerderung-wirkt.ch\/zurich\/#website\"},\"datePublished\":\"2020-07-26T14:42:17+00:00\",\"dateModified\":\"2025-04-08T13:45:13+00:00\",\"breadcrumb\":{\"@id\":\"https:\/\/kinder-und-jugendfoerderung-wirkt.ch\/zurich\/kontakt\/#breadcrumb\"},\"inLanguage\":\"de-CH\",\"potentialAction\":[{\"@type\":\"ReadAction\",\"target\":[\"https:\/\/kinder-und-jugendfoerderung-wirkt.ch\/zurich\/kontakt\/\"]}]},{\"@type\":\"BreadcrumbList\",\"@id\":\"https:\/\/kinder-und-jugendfoerderung-wirkt.ch\/zurich\/kontakt\/#breadcrumb\",\"itemListElement\":[{\"@type\":\"ListItem\",\"position\":1,\"name\":\"Home\",\"item\":\"https:\/\/kinder-und-jugendfoerderung-wirkt.ch\/zurich\/\"},{\"@type\":\"ListItem\",\"position\":2,\"name\":\"Kontakt\"}]},{\"@type\":\"WebSite\",\"@id\":\"https:\/\/kinder-und-jugendfoerderung-wirkt.ch\/zurich\/#website\",\"url\":\"https:\/\/kinder-und-jugendfoerderung-wirkt.ch\/zurich\/\",\"name\":\"Z\u00fcrich - Kinder und Jugendf\u00f6rderung wirkt\",\"description\":\"Just another Kinder und Jugendf\u00f6rderung wirkt Sites site\",\"potentialAction\":[{\"@type\":\"SearchAction\",\"target\":{\"@type\":\"EntryPoint\",\"urlTemplate\":\"https:\/\/kinder-und-jugendfoerderung-wirkt.ch\/zurich\/?s={search_term_string}\"},\"query-input\":{\"@type\":\"PropertyValueSpecification\",\"valueRequired\":true,\"valueName\":\"search_term_string\"}}],\"inLanguage\":\"de-CH\"}]}<\/script>\n<!-- \/ Yoast SEO plugin. -->","yoast_head_json":{"title":"Kontakt - Z\u00fcrich - Kinder und Jugendf\u00f6rderung wirkt","robots":{"index":"index","follow":"follow","max-snippet":"max-snippet:-1","max-image-preview":"max-image-preview:large","max-video-preview":"max-video-preview:-1"},"canonical":"https:\/\/kinder-und-jugendfoerderung-wirkt.ch\/zurich\/kontakt\/","og_locale":"de_DE","og_type":"article","og_title":"Kontakt - Z\u00fcrich - Kinder und Jugendf\u00f6rderung wirkt","og_url":"https:\/\/kinder-und-jugendfoerderung-wirkt.ch\/zurich\/kontakt\/","og_site_name":"Z\u00fcrich - Kinder und Jugendf\u00f6rderung wirkt","article_modified_time":"2025-04-08T13:45:13+00:00","twitter_card":"summary_large_image","schema":{"@context":"https:\/\/schema.org","@graph":[{"@type":"WebPage","@id":"https:\/\/kinder-und-jugendfoerderung-wirkt.ch\/zurich\/kontakt\/","url":"https:\/\/kinder-und-jugendfoerderung-wirkt.ch\/zurich\/kontakt\/","name":"Kontakt - Z\u00fcrich - Kinder und Jugendf\u00f6rderung wirkt","isPartOf":{"@id":"https:\/\/kinder-und-jugendfoerderung-wirkt.ch\/zurich\/#website"},"datePublished":"2020-07-26T14:42:17+00:00","dateModified":"2025-04-08T13:45:13+00:00","breadcrumb":{"@id":"https:\/\/kinder-und-jugendfoerderung-wirkt.ch\/zurich\/kontakt\/#breadcrumb"},"inLanguage":"de-CH","potentialAction":[{"@type":"ReadAction","target":["https:\/\/kinder-und-jugendfoerderung-wirkt.ch\/zurich\/kontakt\/"]}]},{"@type":"BreadcrumbList","@id":"https:\/\/kinder-und-jugendfoerderung-wirkt.ch\/zurich\/kontakt\/#breadcrumb","itemListElement":[{"@type":"ListItem","position":1,"name":"Home","item":"https:\/\/kinder-und-jugendfoerderung-wirkt.ch\/zurich\/"},{"@type":"ListItem","position":2,"name":"Kontakt"}]},{"@type":"WebSite","@id":"https:\/\/kinder-und-jugendfoerderung-wirkt.ch\/zurich\/#website","url":"https:\/\/kinder-und-jugendfoerderung-wirkt.ch\/zurich\/","name":"Z\u00fcrich - Kinder und Jugendf\u00f6rderung wirkt","description":"Just another Kinder und Jugendf\u00f6rderung wirkt Sites site","potentialAction":[{"@type":"SearchAction","target":{"@type":"EntryPoint","urlTemplate":"https:\/\/kinder-und-jugendfoerderung-wirkt.ch\/zurich\/?s={search_term_string}"},"query-input":{"@type":"PropertyValueSpecification","valueRequired":true,"valueName":"search_term_string"}}],"inLanguage":"de-CH"}]}},"_links":{"self":[{"href":"https:\/\/kinder-und-jugendfoerderung-wirkt.ch\/zurich\/wp-json\/wp\/v2\/pages\/14","targetHints":{"allow":["GET"]}}],"collection":[{"href":"https:\/\/kinder-und-jugendfoerderung-wirkt.ch\/zurich\/wp-json\/wp\/v2\/pages"}],"about":[{"href":"https:\/\/kinder-und-jugendfoerderung-wirkt.ch\/zurich\/wp-json\/wp\/v2\/types\/page"}],"author":[{"embeddable":true,"href":"https:\/\/kinder-und-jugendfoerderung-wirkt.ch\/zurich\/wp-json\/wp\/v2\/users\/1"}],"replies":[{"embeddable":true,"href":"https:\/\/kinder-und-jugendfoerderung-wirkt.ch\/zurich\/wp-json\/wp\/v2\/comments?post=14"}],"version-history":[{"count":7,"href":"https:\/\/kinder-und-jugendfoerderung-wirkt.ch\/zurich\/wp-json\/wp\/v2\/pages\/14\/revisions"}],"predecessor-version":[{"id":742,"href":"https:\/\/kinder-und-jugendfoerderung-wirkt.ch\/zurich\/wp-json\/wp\/v2\/pages\/14\/revisions\/742"}],"wp:attachment":[{"href":"https:\/\/kinder-und-jugendfoerderung-wirkt.ch\/zurich\/wp-json\/wp\/v2\/media?parent=14"}],"curies":[{"name":"wp","href":"https:\/\/api.w.org\/{rel}","templated":true}]}}