{"id":99,"date":"2020-07-27T07:58:08","date_gmt":"2020-07-27T07:58:08","guid":{"rendered":"https:\/\/thurgau.kinder-und-jugendfoerderung-wirkt.ch\/?page_id=99"},"modified":"2022-07-01T14:21:19","modified_gmt":"2022-07-01T14:21:19","slug":"grundlagen","status":"publish","type":"page","link":"https:\/\/kinder-und-jugendfoerderung-wirkt.ch\/thurgau\/grundlagen\/","title":{"rendered":"Grundlagen"},"content":{"rendered":"\n<h1 class=\"wp-block-heading\"><s>DEFINITION<\/s> Kinder- und Jugendf\u00f6rderung<\/h1>\n\n\n\n<p class=\"has-kjw-text-large-font-size\">Kinder- und Jugendf\u00f6rderung ist und wirkt vielf\u00e4ltig.<\/p>\n\n\n<div class=\"kjw-images-slider-block-wrapper\">\n\t<div class=\"kjw-slider\">\n\n\t\t\t\t\t\t<div class=\"image-holder\">\n\t\t\t<img decoding=\"async\" class=\"image\" src=\"https:\/\/kinder-und-jugendfoerderung-wirkt.ch\/thurgau\/wp-content\/uploads\/sites\/2\/2020\/08\/Bild-Flyer-klein-1-e1597989143443-1024x758.jpg\" data-src=\"https:\/\/kinder-und-jugendfoerderung-wirkt.ch\/thurgau\/wp-content\/uploads\/sites\/2\/2020\/08\/Bild-Flyer-klein-1-e1597989143443.jpg\" alt=\"\">\n\t\t<\/div>\n\t\t\n\t<\/div>\n\n\t<button class=\"kjw-slider-toggle\"><\/button>\n\n\t<div class=\"kjw-slider-arrows\">\n\t\t<button class=\"prev\"><\/button>\n\t\t<button class=\"next\"><\/button>\n\t<\/div>\n<\/div>\n\n\n<div class=\"kjw-download-buttons-block-wrapper\">\n\t<div class=\"row\">\n\n\t\t\t\t\t\t<div class=\"download-button-holder col-lg-6 col-xl-auto\">\n\t\t\t<a class=\"download-button\" href=\"https:\/\/kinder-und-jugendfoerderung-wirkt.ch\/thurgau\/wp-content\/uploads\/sites\/2\/2020\/08\/Flyer_Kinder_und_Jugenfoerderung.pdf\"\n\t\t\t\t\t\t\t\tdownload=\"Flyer_Kinder_und_Jugenfoerderung.pdf\"\t\t\t>\n\t\t\t\t<svg xmlns=\"http:\/\/www.w3.org\/2000\/svg\" width=\"24\" height=\"24\" fill=\"none\" viewBox=\"0 0 24 24\">\n\t\t\t\t\t<path d=\"M20 12l-1.41-1.41L13 16.17V4h-2v12.17l-5.58-5.59L4 12l8 8 8-8z\"\/>\n\t\t\t\t<\/svg>\n\t\t\t\t<span>Flyer Kinder- und Jugendf\u00f6rderung wirkt!<\/span>\n\t\t\t<\/a>\n\t\t<\/div>\n\t\t\n\t<\/div>\n<\/div>\n\n\n<div class=\"kjw-download-buttons-block-wrapper\">\n\t<div class=\"row\">\n\n\t\t\t\t\t\t<div class=\"download-button-holder col-lg-6 col-xl-auto\">\n\t\t\t<a class=\"download-button\" href=\"http:\/\/kinder-und-jugendfoerderung-wirkt.ch\/thurgau\/kampangenmaterial\/\"\n\t\t\t\ttarget=\"_blank\"\t\t\t\t\t\t\t>\n\t\t\t\t<svg xmlns=\"http:\/\/www.w3.org\/2000\/svg\" width=\"24\" height=\"24\" fill=\"none\" viewBox=\"0 0 24 24\">\n\t\t\t\t\t<path d=\"M20 12l-1.41-1.41L13 16.17V4h-2v12.17l-5.58-5.59L4 12l8 8 8-8z\"\/>\n\t\t\t\t<\/svg>\n\t\t\t\t<span>Flyer bestellen<\/span>\n\t\t\t<\/a>\n\t\t<\/div>\n\t\t\n\t<\/div>\n<\/div>\n\n\n<style>\n\t.kjw-spacer-id-IPA2VORF94 {\n\t\theight: 40px;\n\t}\n\t@media (min-width: 768px) {\n\t\t.kjw-spacer-id-IPA2VORF94 {\n\t\t\theight: 60px;\n\t\t}\n\t}\n<\/style>\n<div class=\"kjw-spacer-block kjw-spacer-id-IPA2VORF94\"><\/div>\n\n\n\n<h2 class=\"wp-block-heading\">Kinder- und Jugendf\u00f6rderung ist\u2026<\/h2>\n\n\n\n<p>\u2026 f\u00fcr junge Menschen bis zum vollendeten 25. Lebensjahr.<br>\u2026 ein Kinderrecht gem\u00e4ss der UN-Kinderrechtskonvention.<\/p>\n\n\n<p>\u2026 Offene Kinder- und Jugendarbeit (OKJA)<br data-rich-text-line-break=\"true\">\u2026 verbandliche Kinder- und Jugendarbeit<br data-rich-text-line-break=\"true\">\u2026 kirchliche Kinder- und Jugendarbeit<br data-rich-text-line-break=\"true\">\u2026 Freizeitvereine<br data-rich-text-line-break=\"true\">\u2026 kulturelle Kinder- und Jugendarbeit<br data-rich-text-line-break=\"true\">\u2026 Kinder- und Jugendpartizipation<br data-rich-text-line-break=\"true\">\u2026 politische Kinder- und Jugendarbeit<br data-rich-text-line-break=\"true\">\u2026 schulische und berufliche F\u00f6rderung<br data-rich-text-line-break=\"true\">\u2026 familien- und schulerg\u00e4nzende Betreuung<br data-rich-text-line-break=\"true\">\u2026 eine Vielfalt von Methoden und Arbeitsweisen<br data-rich-text-line-break=\"true\">\u2026 auf gesetzlichen Grundlagen aufgebaut<\/p>\n\n<style>\n\t.kjw-spacer-id-6DWHFKE0N5 {\n\t\theight: 30px;\n\t}\n\t@media (min-width: 768px) {\n\t\t.kjw-spacer-id-6DWHFKE0N5 {\n\t\t\theight: 60px;\n\t\t}\n\t}\n<\/style>\n<div class=\"kjw-spacer-block kjw-spacer-id-6DWHFKE0N5\"><\/div>\n\n\n\n<h2 class=\"wp-block-heading\"> Kinder- und Jugendf\u00f6rderung wirkt!<\/h2>\n\n\n\n<h5 class=\"wp-block-heading\">Kinder und Jugendf\u00f6rderung\u2026<\/h5>\n\n\n<p>\u2026 beteiligt!<br data-rich-text-line-break=\"true\">\u2026 bildet!<br data-rich-text-line-break=\"true\">\u2026 erkennt und reagiert fr\u00fchzeitig!<br data-rich-text-line-break=\"true\">\u2026 f\u00f6rdert freiwilliges Engagement!<br data-rich-text-line-break=\"true\">\u2026 integriert!<br data-rich-text-line-break=\"true\">\u2026 macht gesellschafts- und demokratief\u00e4hig!<br data-rich-text-line-break=\"true\">\u2026 st\u00e4rkt Beziehungen!<br data-rich-text-line-break=\"true\">\u2026 st\u00e4rkt Kompetenzen und Ressourcen der Kinder und Jugendlichen!<br data-rich-text-line-break=\"true\">\u2026 st\u00e4rkt den Kinder- und Jugendschutz!<br data-rich-text-line-break=\"true\">\u2026 tr\u00e4gt zur Chancengerechtigkeit und zum gesellschaftlichen Zusammenhalt bei!<br data-rich-text-line-break=\"true\">\u2026 tr\u00e4gt zur Gesundheit bei!<br data-rich-text-line-break=\"true\">\u2026 zahlt sich aus und ist ihr Geld wert!<br data-rich-text-line-break=\"true\">\u2026 braucht eine gesetzliche Verankerung!<\/p>\n\n<style>\n\t.kjw-spacer-id-9P4FX0NBG8 {\n\t\theight: 30px;\n\t}\n\t@media (min-width: 768px) {\n\t\t.kjw-spacer-id-9P4FX0NBG8 {\n\t\t\theight: 60px;\n\t\t}\n\t}\n<\/style>\n<div class=\"kjw-spacer-block kjw-spacer-id-9P4FX0NBG8\"><\/div>\n\n\n\n<h2 class=\"wp-block-heading\">Geschichte<\/h2>\n\n\n\n<p>Der im Juni 2021 ver\u00f6ffentlichte Bericht &#171;Offene Kinder- und Jugendarbeit im Kanton Thurgau&#187; gibt eine \u00dcbersicht \u00fcber die Rolle und die Angebote der Offenen Kinder- und Jugendarbeit in Thurgauer Gemeinden. Das klassische Angebot des offenen Treffs nutzen Kinder und Jugendliche am h\u00e4ufigsten und gestalten dabei gerne mit.&nbsp;<\/p>\n\n\n<div class=\"kjw-download-buttons-block-wrapper\">\n\t<div class=\"row\">\n\n\t\t\t\t\t\t<div class=\"download-button-holder col-lg-6 col-xl-auto\">\n\t\t\t<a class=\"download-button\" href=\"https:\/\/kjf.tg.ch\/public\/upload\/assets\/114803\/Bericht%20Offene%20Kinder-%20und%20Jugendarbeit%20im%20Kanton%20Thurgau%202021.pdf\"\n\t\t\t\t\t\t\t\t\t\t\t>\n\t\t\t\t<svg xmlns=\"http:\/\/www.w3.org\/2000\/svg\" width=\"24\" height=\"24\" fill=\"none\" viewBox=\"0 0 24 24\">\n\t\t\t\t\t<path d=\"M20 12l-1.41-1.41L13 16.17V4h-2v12.17l-5.58-5.59L4 12l8 8 8-8z\"\/>\n\t\t\t\t<\/svg>\n\t\t\t\t<span>Bericht Offene Kinder- und Jugendarbeit im Kanton Thurgau<\/span>\n\t\t\t<\/a>\n\t\t<\/div>\n\t\t\n\t<\/div>\n<\/div>\n\n\n\n<p>Hier finden Sie einen \u00dcberblick \u00fcber die Offene Kinder- und Jugendarbeit in der Deutschschweiz und die Soziokulturelle Animation in der Westschweiz und im Tessin.<\/p>\n\n\n<div class=\"kjw-download-buttons-block-wrapper\">\n\t<div class=\"row\">\n\n\t\t\t\t\t\t<div class=\"download-button-holder col-lg-6 col-xl-auto\">\n\t\t\t<a class=\"download-button\" href=\"https:\/\/doj.ch\/wp-content\/uploads\/2019\/09\/Synthesertext_Sprachregionen_def.pdf\"\n\t\t\t\ttarget=\"_blank\"\t\t\t\t\t\t\t>\n\t\t\t\t<svg xmlns=\"http:\/\/www.w3.org\/2000\/svg\" width=\"24\" height=\"24\" fill=\"none\" viewBox=\"0 0 24 24\">\n\t\t\t\t\t<path d=\"M20 12l-1.41-1.41L13 16.17V4h-2v12.17l-5.58-5.59L4 12l8 8 8-8z\"\/>\n\t\t\t\t<\/svg>\n\t\t\t\t<span>Geschichtlicher \u00dcberblick  OKJA CH (PDF)<\/span>\n\t\t\t<\/a>\n\t\t<\/div>\n\t\t\n\t<\/div>\n<\/div>\n\n\n<style>\n\t.kjw-spacer-id-LQXGIWJRSY {\n\t\theight: 15px;\n\t}\n\t@media (min-width: 768px) {\n\t\t.kjw-spacer-id-LQXGIWJRSY {\n\t\t\theight: 30px;\n\t\t}\n\t}\n<\/style>\n<div class=\"kjw-spacer-block kjw-spacer-id-LQXGIWJRSY\"><\/div>\n\n\n\n<p>Kennen Sie Details zur Geschichte der Kinder- und Jugendf\u00f6rderung aus dem Kanton Thurgau? Wenden Sie sich an die <a href=\"https:\/\/kinder-und-jugendfoerderung-wirkt.ch\/thurgau\/kontakt\/\" target=\"_blank\" rel=\"noreferrer noopener\">Fachstelle f\u00fcr Kinder-, Jugend- und Familienfragen.<\/a> <\/p>\n\n\n<style>\n\t.kjw-spacer-id-G760L1VYQ3 {\n\t\theight: 35px;\n\t}\n\t@media (min-width: 768px) {\n\t\t.kjw-spacer-id-G760L1VYQ3 {\n\t\t\theight: 70px;\n\t\t}\n\t}\n<\/style>\n<div class=\"kjw-spacer-block kjw-spacer-id-G760L1VYQ3\"><\/div>\n\n\n<div class=\"row partners partners-auto-size\">\n\t\t\t\t\t\t\t\t\t<div class=\"col-md-3 partner-col\">\n\n\t\t\t<a href='http:\/\/www.nokjat.ch' target=''>\n\t\t\t<img decoding=\"async\" class=\"logo\" alt=\"\" src=\"https:\/\/kinder-und-jugendfoerderung-wirkt.ch\/thurgau\/wp-content\/uploads\/sites\/2\/2022\/07\/Logo_Nokjat_2022-e1656685235818.png\" \/>\n\n\t\t\t<\/a>\n\t\t\t<\/div>\n\n\t\t\t\t\t\t\t\t<div class=\"col-md-3 partner-col\">\n\n\t\t\t<a href='http:\/\/tarjv.ch' target='_blank'>\n\t\t\t<img decoding=\"async\" class=\"logo\" alt=\"\" src=\"https:\/\/kinder-und-jugendfoerderung-wirkt.ch\/thurgau\/wp-content\/uploads\/sites\/2\/2020\/07\/Tarjv_Logo.png\" \/>\n\n\t\t\t<\/a>\n\t\t\t<\/div>\n\n\t\t\t\t\t\t\t\t<div class=\"col-md-3 partner-col\">\n\n\t\t\t<a href='http:\/\/kjf.tg.ch' target='_blank'>\n\t\t\t<img decoding=\"async\" class=\"logo\" alt=\"\" src=\"https:\/\/kinder-und-jugendfoerderung-wirkt.ch\/thurgau\/wp-content\/uploads\/sites\/2\/2020\/07\/Thurgau-logo.png\" \/>\n\n\t\t\t<\/a>\n\t\t\t<\/div>\n\n\t\t\t\t\t\t\t\t<div class=\"col-md-3 partner-col\">\n\n\t\t\t<a href='https:\/\/sportamt.tg.ch\/news.html\/1851\/news\/55322' target='_blank'>\n\t\t\t<img decoding=\"async\" class=\"logo\" alt=\"\" src=\"https:\/\/kinder-und-jugendfoerderung-wirkt.ch\/thurgau\/wp-content\/uploads\/sites\/2\/2021\/12\/Logo_Sportamt_KtTG_1f-e1638891629784.jpg\" \/>\n\n\t\t\t<\/a>\n\t\t\t<\/div>\n\n\t\t\t<\/div>\n","protected":false},"excerpt":{"rendered":"<p>DEFINITION Kinder- und Jugendf\u00f6rderung Kinder- und Jugendf\u00f6rderung ist und wirkt vielf\u00e4ltig. Kinder- und Jugendf\u00f6rderung ist\u2026 \u2026 f\u00fcr junge Menschen bis zum vollendeten 25. Lebensjahr.\u2026 ein Kinderrecht gem\u00e4ss der UN-Kinderrechtskonvention. \u2026 Offene Kinder- und Jugendarbeit (OKJA)\u2026 verbandliche Kinder- und Jugendarbeit\u2026 kirchliche Kinder- und Jugendarbeit\u2026 Freizeitvereine\u2026 kulturelle Kinder- und Jugendarbeit\u2026 Kinder- und Jugendpartizipation\u2026 politische Kinder- und Jugendarbeit\u2026 [&hellip;]<\/p>\n","protected":false},"author":1,"featured_media":0,"parent":0,"menu_order":0,"comment_status":"closed","ping_status":"closed","template":"","meta":{"_acf_changed":false,"footnotes":""},"class_list":["post-99","page","type-page","status-publish","hentry"],"acf":[],"yoast_head":"<!-- This site is optimized with the Yoast SEO plugin v25.2 - https:\/\/yoast.com\/wordpress\/plugins\/seo\/ -->\n<title>Grundlagen - Thurgau - Kinder und Jugendf\u00f6rderung wirkt<\/title>\n<meta name=\"description\" content=\"Was ist Kinder- und Jugendf\u00f6rderung und wie wirkt sie? Informationen zur Kampagne und Geschichte rund um die Kinder- und Jugenf\u00f6rderung.\" \/>\n<meta name=\"robots\" content=\"index, follow, max-snippet:-1, max-image-preview:large, max-video-preview:-1\" \/>\n<link rel=\"canonical\" href=\"https:\/\/kinder-und-jugendfoerderung-wirkt.ch\/thurgau\/grundlagen\/\" \/>\n<meta property=\"og:locale\" content=\"de_DE\" \/>\n<meta property=\"og:type\" content=\"article\" \/>\n<meta property=\"og:title\" content=\"Informationen\" \/>\n<meta property=\"og:description\" content=\"Was ist Kinder- und Jugendf\u00f6rderung und wie wirkt sie? Informationen zur Kampagne und Geschichte rund um die Kinder- und Jugenf\u00f6rderung.\" \/>\n<meta property=\"og:url\" content=\"https:\/\/kinder-und-jugendfoerderung-wirkt.ch\/thurgau\/grundlagen\/\" \/>\n<meta property=\"og:site_name\" content=\"Thurgau - Kinder und Jugendf\u00f6rderung wirkt\" \/>\n<meta property=\"article:modified_time\" content=\"2022-07-01T14:21:19+00:00\" \/>\n<meta property=\"og:image\" content=\"https:\/\/kinder-und-jugendfoerderung-wirkt.ch\/thurgau\/wp-content\/uploads\/sites\/2\/2020\/08\/Signet_pantone_362-e1597396876175.png\" \/>\n\t<meta property=\"og:image:width\" content=\"300\" \/>\n\t<meta property=\"og:image:height\" content=\"253\" \/>\n\t<meta property=\"og:image:type\" content=\"image\/png\" \/>\n<meta name=\"twitter:card\" content=\"summary_large_image\" \/>\n<meta name=\"twitter:title\" content=\"Informationen\" \/>\n<meta name=\"twitter:description\" content=\"Was ist Kinder- und Jugendf\u00f6rderung und wie wirkt sie? Informationen zur Kampagne und Geschichte rund um die Kinder- und Jugenf\u00f6rderung.\" \/>\n<meta name=\"twitter:image\" content=\"https:\/\/kinder-und-jugendfoerderung-wirkt.ch\/thurgau\/wp-content\/uploads\/sites\/2\/2020\/08\/Signet_pantone_362-e1597396876175.png\" \/>\n<meta name=\"twitter:label1\" content=\"Gesch\u00e4tzte Lesezeit\" \/>\n\t<meta name=\"twitter:data1\" content=\"1\u00a0Minute\" \/>\n<script type=\"application\/ld+json\" class=\"yoast-schema-graph\">{\"@context\":\"https:\/\/schema.org\",\"@graph\":[{\"@type\":\"WebPage\",\"@id\":\"https:\/\/kinder-und-jugendfoerderung-wirkt.ch\/thurgau\/grundlagen\/\",\"url\":\"https:\/\/kinder-und-jugendfoerderung-wirkt.ch\/thurgau\/grundlagen\/\",\"name\":\"Grundlagen - Thurgau - Kinder und Jugendf\u00f6rderung wirkt\",\"isPartOf\":{\"@id\":\"https:\/\/kinder-und-jugendfoerderung-wirkt.ch\/thurgau\/#website\"},\"datePublished\":\"2020-07-27T07:58:08+00:00\",\"dateModified\":\"2022-07-01T14:21:19+00:00\",\"description\":\"Was ist Kinder- und Jugendf\u00f6rderung und wie wirkt sie? Informationen zur Kampagne und Geschichte rund um die Kinder- und Jugenf\u00f6rderung.\",\"breadcrumb\":{\"@id\":\"https:\/\/kinder-und-jugendfoerderung-wirkt.ch\/thurgau\/grundlagen\/#breadcrumb\"},\"inLanguage\":\"de-CH\",\"potentialAction\":[{\"@type\":\"ReadAction\",\"target\":[\"https:\/\/kinder-und-jugendfoerderung-wirkt.ch\/thurgau\/grundlagen\/\"]}]},{\"@type\":\"BreadcrumbList\",\"@id\":\"https:\/\/kinder-und-jugendfoerderung-wirkt.ch\/thurgau\/grundlagen\/#breadcrumb\",\"itemListElement\":[{\"@type\":\"ListItem\",\"position\":1,\"name\":\"Startseite\",\"item\":\"https:\/\/kinder-und-jugendfoerderung-wirkt.ch\/thurgau\/\"},{\"@type\":\"ListItem\",\"position\":2,\"name\":\"Grundlagen\"}]},{\"@type\":\"WebSite\",\"@id\":\"https:\/\/kinder-und-jugendfoerderung-wirkt.ch\/thurgau\/#website\",\"url\":\"https:\/\/kinder-und-jugendfoerderung-wirkt.ch\/thurgau\/\",\"name\":\"Thurgau - Kinder und Jugendf\u00f6rderung wirkt\",\"description\":\"Just another Kinder und Jugendf\u00f6rderung wirkt Sites site\",\"potentialAction\":[{\"@type\":\"SearchAction\",\"target\":{\"@type\":\"EntryPoint\",\"urlTemplate\":\"https:\/\/kinder-und-jugendfoerderung-wirkt.ch\/thurgau\/?s={search_term_string}\"},\"query-input\":{\"@type\":\"PropertyValueSpecification\",\"valueRequired\":true,\"valueName\":\"search_term_string\"}}],\"inLanguage\":\"de-CH\"}]}<\/script>\n<!-- \/ Yoast SEO plugin. -->","yoast_head_json":{"title":"Grundlagen - Thurgau - Kinder und Jugendf\u00f6rderung wirkt","description":"Was ist Kinder- und Jugendf\u00f6rderung und wie wirkt sie? Informationen zur Kampagne und Geschichte rund um die Kinder- und Jugenf\u00f6rderung.","robots":{"index":"index","follow":"follow","max-snippet":"max-snippet:-1","max-image-preview":"max-image-preview:large","max-video-preview":"max-video-preview:-1"},"canonical":"https:\/\/kinder-und-jugendfoerderung-wirkt.ch\/thurgau\/grundlagen\/","og_locale":"de_DE","og_type":"article","og_title":"Informationen","og_description":"Was ist Kinder- und Jugendf\u00f6rderung und wie wirkt sie? Informationen zur Kampagne und Geschichte rund um die Kinder- und Jugenf\u00f6rderung.","og_url":"https:\/\/kinder-und-jugendfoerderung-wirkt.ch\/thurgau\/grundlagen\/","og_site_name":"Thurgau - Kinder und Jugendf\u00f6rderung wirkt","article_modified_time":"2022-07-01T14:21:19+00:00","og_image":[{"width":300,"height":253,"url":"https:\/\/kinder-und-jugendfoerderung-wirkt.ch\/thurgau\/wp-content\/uploads\/sites\/2\/2020\/08\/Signet_pantone_362-e1597396876175.png","type":"image\/png"}],"twitter_card":"summary_large_image","twitter_title":"Informationen","twitter_description":"Was ist Kinder- und Jugendf\u00f6rderung und wie wirkt sie? Informationen zur Kampagne und Geschichte rund um die Kinder- und Jugenf\u00f6rderung.","twitter_image":"https:\/\/kinder-und-jugendfoerderung-wirkt.ch\/thurgau\/wp-content\/uploads\/sites\/2\/2020\/08\/Signet_pantone_362-e1597396876175.png","twitter_misc":{"Gesch\u00e4tzte Lesezeit":"1\u00a0Minute"},"schema":{"@context":"https:\/\/schema.org","@graph":[{"@type":"WebPage","@id":"https:\/\/kinder-und-jugendfoerderung-wirkt.ch\/thurgau\/grundlagen\/","url":"https:\/\/kinder-und-jugendfoerderung-wirkt.ch\/thurgau\/grundlagen\/","name":"Grundlagen - Thurgau - Kinder und Jugendf\u00f6rderung wirkt","isPartOf":{"@id":"https:\/\/kinder-und-jugendfoerderung-wirkt.ch\/thurgau\/#website"},"datePublished":"2020-07-27T07:58:08+00:00","dateModified":"2022-07-01T14:21:19+00:00","description":"Was ist Kinder- und Jugendf\u00f6rderung und wie wirkt sie? Informationen zur Kampagne und Geschichte rund um die Kinder- und Jugenf\u00f6rderung.","breadcrumb":{"@id":"https:\/\/kinder-und-jugendfoerderung-wirkt.ch\/thurgau\/grundlagen\/#breadcrumb"},"inLanguage":"de-CH","potentialAction":[{"@type":"ReadAction","target":["https:\/\/kinder-und-jugendfoerderung-wirkt.ch\/thurgau\/grundlagen\/"]}]},{"@type":"BreadcrumbList","@id":"https:\/\/kinder-und-jugendfoerderung-wirkt.ch\/thurgau\/grundlagen\/#breadcrumb","itemListElement":[{"@type":"ListItem","position":1,"name":"Startseite","item":"https:\/\/kinder-und-jugendfoerderung-wirkt.ch\/thurgau\/"},{"@type":"ListItem","position":2,"name":"Grundlagen"}]},{"@type":"WebSite","@id":"https:\/\/kinder-und-jugendfoerderung-wirkt.ch\/thurgau\/#website","url":"https:\/\/kinder-und-jugendfoerderung-wirkt.ch\/thurgau\/","name":"Thurgau - Kinder und Jugendf\u00f6rderung wirkt","description":"Just another Kinder und Jugendf\u00f6rderung wirkt Sites site","potentialAction":[{"@type":"SearchAction","target":{"@type":"EntryPoint","urlTemplate":"https:\/\/kinder-und-jugendfoerderung-wirkt.ch\/thurgau\/?s={search_term_string}"},"query-input":{"@type":"PropertyValueSpecification","valueRequired":true,"valueName":"search_term_string"}}],"inLanguage":"de-CH"}]}},"_links":{"self":[{"href":"https:\/\/kinder-und-jugendfoerderung-wirkt.ch\/thurgau\/wp-json\/wp\/v2\/pages\/99","targetHints":{"allow":["GET"]}}],"collection":[{"href":"https:\/\/kinder-und-jugendfoerderung-wirkt.ch\/thurgau\/wp-json\/wp\/v2\/pages"}],"about":[{"href":"https:\/\/kinder-und-jugendfoerderung-wirkt.ch\/thurgau\/wp-json\/wp\/v2\/types\/page"}],"author":[{"embeddable":true,"href":"https:\/\/kinder-und-jugendfoerderung-wirkt.ch\/thurgau\/wp-json\/wp\/v2\/users\/1"}],"replies":[{"embeddable":true,"href":"https:\/\/kinder-und-jugendfoerderung-wirkt.ch\/thurgau\/wp-json\/wp\/v2\/comments?post=99"}],"version-history":[{"count":104,"href":"https:\/\/kinder-und-jugendfoerderung-wirkt.ch\/thurgau\/wp-json\/wp\/v2\/pages\/99\/revisions"}],"predecessor-version":[{"id":822,"href":"https:\/\/kinder-und-jugendfoerderung-wirkt.ch\/thurgau\/wp-json\/wp\/v2\/pages\/99\/revisions\/822"}],"wp:attachment":[{"href":"https:\/\/kinder-und-jugendfoerderung-wirkt.ch\/thurgau\/wp-json\/wp\/v2\/media?parent=99"}],"curies":[{"name":"wp","href":"https:\/\/api.w.org\/{rel}","templated":true}]}}