{"id":8,"date":"2022-09-27T08:55:10","date_gmt":"2022-09-27T08:55:10","guid":{"rendered":"https:\/\/kinder-und-jugendfoerderung-wirkt.ch\/solothurn\/?page_id=8"},"modified":"2025-05-01T13:58:42","modified_gmt":"2025-05-01T13:58:42","slug":"kontakt","status":"publish","type":"page","link":"https:\/\/kinder-und-jugendfoerderung-wirkt.ch\/solothurn\/kontakt\/","title":{"rendered":"Kontakt"},"content":{"rendered":"\n<h1 class=\"wp-block-heading\">Kontakt <\/h1>\n\n\n\n<p><strong>kindundjugend.so<br>Dachverband Kinder- und Jugendarbeit Kanton Solothurn<\/strong><br><\/p>\n\n\n\n<p>Gesch\u00e4ftsstelle Solothurn:<br>Baselstrasse 12<br>4500 Solothurn<br>079 598 11 85<\/p>\n\n\n\n<p>Gesch\u00e4ftsstelle Olten:<br>R\u00f6merstrasse 7<br>4600 Olten<br>062 286 08 15<\/p>\n\n\n\n<p><a href=\"mailto:info@kindundjugend.so\" target=\"_blank\" rel=\"noreferrer noopener\">info(at)kindundjugend.so<\/a><br>www.kindundjugend.so<\/p>\n\n\n\n<p><a href=\"https:\/\/www.facebook.com\/profile.php?id=100080807727420\" target=\"_blank\" rel=\"noreferrer noopener\">Folge uns auf Facebook<\/a><br><a href=\"https:\/\/www.instagram.com\/kindundjugend_so\/\" target=\"_blank\" rel=\"noreferrer noopener\">Folge uns auf Instagram<\/a><\/p>\n\n\n<style>\n\t.kjw-spacer-id-WAQLJERP9Z {\n\t\theight: 40px;\n\t}\n\t@media (min-width: 768px) {\n\t\t.kjw-spacer-id-WAQLJERP9Z {\n\t\t\theight: 80px;\n\t\t}\n\t}\n<\/style>\n<div class=\"kjw-spacer-block kjw-spacer-id-WAQLJERP9Z\"><\/div>\n","protected":false},"excerpt":{"rendered":"<p>Kontakt kindundjugend.soDachverband Kinder- und Jugendarbeit Kanton Solothurn Gesch\u00e4ftsstelle Solothurn:Baselstrasse 124500 Solothurn079 598 11 85 Gesch\u00e4ftsstelle Olten:R\u00f6merstrasse 74600 Olten062 286 08 15 info(at)kindundjugend.sowww.kindundjugend.so Folge uns auf FacebookFolge uns auf Instagram<\/p>\n","protected":false},"author":2,"featured_media":0,"parent":0,"menu_order":0,"comment_status":"closed","ping_status":"closed","template":"","meta":{"_acf_changed":false,"footnotes":""},"class_list":["post-8","page","type-page","status-publish","hentry"],"acf":[],"yoast_head":"<!-- This site is optimized with the Yoast SEO plugin v25.2 - https:\/\/yoast.com\/wordpress\/plugins\/seo\/ -->\n<title>Kontakt - Solothurn - Kinder- und Jugendf\u00f6rderung wirkt<\/title>\n<meta name=\"robots\" content=\"index, follow, max-snippet:-1, max-image-preview:large, max-video-preview:-1\" \/>\n<link rel=\"canonical\" href=\"https:\/\/kinder-und-jugendfoerderung-wirkt.ch\/solothurn\/kontakt\/\" \/>\n<meta property=\"og:locale\" content=\"de_DE\" \/>\n<meta property=\"og:type\" content=\"article\" \/>\n<meta property=\"og:title\" content=\"Kontakt - Solothurn - Kinder- und Jugendf\u00f6rderung wirkt\" \/>\n<meta property=\"og:description\" content=\"Kontakt kindundjugend.soDachverband Kinder- und Jugendarbeit Kanton Solothurn Gesch\u00e4ftsstelle Solothurn:Baselstrasse 124500 Solothurn079 598 11 85 Gesch\u00e4ftsstelle Olten:R\u00f6merstrasse 74600 Olten062 286 08 15 info(at)kindundjugend.sowww.kindundjugend.so Folge uns auf FacebookFolge uns auf Instagram\" \/>\n<meta property=\"og:url\" content=\"https:\/\/kinder-und-jugendfoerderung-wirkt.ch\/solothurn\/kontakt\/\" \/>\n<meta property=\"og:site_name\" content=\"Solothurn - Kinder- und Jugendf\u00f6rderung wirkt\" \/>\n<meta property=\"article:modified_time\" content=\"2025-05-01T13:58:42+00:00\" \/>\n<meta name=\"twitter:card\" content=\"summary_large_image\" \/>\n<meta name=\"twitter:label1\" content=\"Gesch\u00e4tzte Lesezeit\" \/>\n\t<meta name=\"twitter:data1\" content=\"1\u00a0Minute\" \/>\n<script type=\"application\/ld+json\" class=\"yoast-schema-graph\">{\"@context\":\"https:\/\/schema.org\",\"@graph\":[{\"@type\":\"WebPage\",\"@id\":\"https:\/\/kinder-und-jugendfoerderung-wirkt.ch\/solothurn\/kontakt\/\",\"url\":\"https:\/\/kinder-und-jugendfoerderung-wirkt.ch\/solothurn\/kontakt\/\",\"name\":\"Kontakt - Solothurn - Kinder- und Jugendf\u00f6rderung wirkt\",\"isPartOf\":{\"@id\":\"https:\/\/kinder-und-jugendfoerderung-wirkt.ch\/solothurn\/#website\"},\"datePublished\":\"2022-09-27T08:55:10+00:00\",\"dateModified\":\"2025-05-01T13:58:42+00:00\",\"breadcrumb\":{\"@id\":\"https:\/\/kinder-und-jugendfoerderung-wirkt.ch\/solothurn\/kontakt\/#breadcrumb\"},\"inLanguage\":\"de-CH\",\"potentialAction\":[{\"@type\":\"ReadAction\",\"target\":[\"https:\/\/kinder-und-jugendfoerderung-wirkt.ch\/solothurn\/kontakt\/\"]}]},{\"@type\":\"BreadcrumbList\",\"@id\":\"https:\/\/kinder-und-jugendfoerderung-wirkt.ch\/solothurn\/kontakt\/#breadcrumb\",\"itemListElement\":[{\"@type\":\"ListItem\",\"position\":1,\"name\":\"Home\",\"item\":\"https:\/\/kinder-und-jugendfoerderung-wirkt.ch\/solothurn\/\"},{\"@type\":\"ListItem\",\"position\":2,\"name\":\"Kontakt\"}]},{\"@type\":\"WebSite\",\"@id\":\"https:\/\/kinder-und-jugendfoerderung-wirkt.ch\/solothurn\/#website\",\"url\":\"https:\/\/kinder-und-jugendfoerderung-wirkt.ch\/solothurn\/\",\"name\":\"Solothurn - Kinder- und Jugendf\u00f6rderung wirkt\",\"description\":\"\",\"potentialAction\":[{\"@type\":\"SearchAction\",\"target\":{\"@type\":\"EntryPoint\",\"urlTemplate\":\"https:\/\/kinder-und-jugendfoerderung-wirkt.ch\/solothurn\/?s={search_term_string}\"},\"query-input\":{\"@type\":\"PropertyValueSpecification\",\"valueRequired\":true,\"valueName\":\"search_term_string\"}}],\"inLanguage\":\"de-CH\"}]}<\/script>\n<!-- \/ Yoast SEO plugin. -->","yoast_head_json":{"title":"Kontakt - Solothurn - Kinder- und Jugendf\u00f6rderung wirkt","robots":{"index":"index","follow":"follow","max-snippet":"max-snippet:-1","max-image-preview":"max-image-preview:large","max-video-preview":"max-video-preview:-1"},"canonical":"https:\/\/kinder-und-jugendfoerderung-wirkt.ch\/solothurn\/kontakt\/","og_locale":"de_DE","og_type":"article","og_title":"Kontakt - Solothurn - Kinder- und Jugendf\u00f6rderung wirkt","og_description":"Kontakt kindundjugend.soDachverband Kinder- und Jugendarbeit Kanton Solothurn Gesch\u00e4ftsstelle Solothurn:Baselstrasse 124500 Solothurn079 598 11 85 Gesch\u00e4ftsstelle Olten:R\u00f6merstrasse 74600 Olten062 286 08 15 info(at)kindundjugend.sowww.kindundjugend.so Folge uns auf FacebookFolge uns auf Instagram","og_url":"https:\/\/kinder-und-jugendfoerderung-wirkt.ch\/solothurn\/kontakt\/","og_site_name":"Solothurn - Kinder- und Jugendf\u00f6rderung wirkt","article_modified_time":"2025-05-01T13:58:42+00:00","twitter_card":"summary_large_image","twitter_misc":{"Gesch\u00e4tzte Lesezeit":"1\u00a0Minute"},"schema":{"@context":"https:\/\/schema.org","@graph":[{"@type":"WebPage","@id":"https:\/\/kinder-und-jugendfoerderung-wirkt.ch\/solothurn\/kontakt\/","url":"https:\/\/kinder-und-jugendfoerderung-wirkt.ch\/solothurn\/kontakt\/","name":"Kontakt - Solothurn - Kinder- und Jugendf\u00f6rderung wirkt","isPartOf":{"@id":"https:\/\/kinder-und-jugendfoerderung-wirkt.ch\/solothurn\/#website"},"datePublished":"2022-09-27T08:55:10+00:00","dateModified":"2025-05-01T13:58:42+00:00","breadcrumb":{"@id":"https:\/\/kinder-und-jugendfoerderung-wirkt.ch\/solothurn\/kontakt\/#breadcrumb"},"inLanguage":"de-CH","potentialAction":[{"@type":"ReadAction","target":["https:\/\/kinder-und-jugendfoerderung-wirkt.ch\/solothurn\/kontakt\/"]}]},{"@type":"BreadcrumbList","@id":"https:\/\/kinder-und-jugendfoerderung-wirkt.ch\/solothurn\/kontakt\/#breadcrumb","itemListElement":[{"@type":"ListItem","position":1,"name":"Home","item":"https:\/\/kinder-und-jugendfoerderung-wirkt.ch\/solothurn\/"},{"@type":"ListItem","position":2,"name":"Kontakt"}]},{"@type":"WebSite","@id":"https:\/\/kinder-und-jugendfoerderung-wirkt.ch\/solothurn\/#website","url":"https:\/\/kinder-und-jugendfoerderung-wirkt.ch\/solothurn\/","name":"Solothurn - Kinder- und Jugendf\u00f6rderung wirkt","description":"","potentialAction":[{"@type":"SearchAction","target":{"@type":"EntryPoint","urlTemplate":"https:\/\/kinder-und-jugendfoerderung-wirkt.ch\/solothurn\/?s={search_term_string}"},"query-input":{"@type":"PropertyValueSpecification","valueRequired":true,"valueName":"search_term_string"}}],"inLanguage":"de-CH"}]}},"_links":{"self":[{"href":"https:\/\/kinder-und-jugendfoerderung-wirkt.ch\/solothurn\/wp-json\/wp\/v2\/pages\/8","targetHints":{"allow":["GET"]}}],"collection":[{"href":"https:\/\/kinder-und-jugendfoerderung-wirkt.ch\/solothurn\/wp-json\/wp\/v2\/pages"}],"about":[{"href":"https:\/\/kinder-und-jugendfoerderung-wirkt.ch\/solothurn\/wp-json\/wp\/v2\/types\/page"}],"author":[{"embeddable":true,"href":"https:\/\/kinder-und-jugendfoerderung-wirkt.ch\/solothurn\/wp-json\/wp\/v2\/users\/2"}],"replies":[{"embeddable":true,"href":"https:\/\/kinder-und-jugendfoerderung-wirkt.ch\/solothurn\/wp-json\/wp\/v2\/comments?post=8"}],"version-history":[{"count":12,"href":"https:\/\/kinder-und-jugendfoerderung-wirkt.ch\/solothurn\/wp-json\/wp\/v2\/pages\/8\/revisions"}],"predecessor-version":[{"id":977,"href":"https:\/\/kinder-und-jugendfoerderung-wirkt.ch\/solothurn\/wp-json\/wp\/v2\/pages\/8\/revisions\/977"}],"wp:attachment":[{"href":"https:\/\/kinder-und-jugendfoerderung-wirkt.ch\/solothurn\/wp-json\/wp\/v2\/media?parent=8"}],"curies":[{"name":"wp","href":"https:\/\/api.w.org\/{rel}","templated":true}]}}