{"id":6,"date":"2022-09-27T08:54:23","date_gmt":"2022-09-27T08:54:23","guid":{"rendered":"https:\/\/kinder-und-jugendfoerderung-wirkt.ch\/solothurn\/?page_id=6"},"modified":"2025-11-04T13:25:28","modified_gmt":"2025-11-04T13:25:28","slug":"akteurinnen","status":"publish","type":"page","link":"https:\/\/kinder-und-jugendfoerderung-wirkt.ch\/solothurn\/akteurinnen\/","title":{"rendered":"Akteur*innen"},"content":{"rendered":"\n<h1 class=\"wp-block-heading\">Akteur*innen<\/h1>\n\n\n\n<p><strong>Kinder- und Jugendf\u00f6rderung wird im Kanton Solothurn durch unterschiedliche Akteur*innen und Angebote umgesetzt. <\/strong><\/p>\n\n\n\t<section class=\"accordion-section\">\n\t\t<div class=\"row\">\n\t\t\t<div class=\"col-12\">\n\t\t\t\t<div class=\"kjw-accordion_wrap\">\n\t\t\t\t\t\t\t\t\t\t\t\t\t\t\t\t\t<div class=\"kjw-accordion\">\n\t\t\t\t\t\t\t<div class=\"kjw-accordion_header\">\n\t\t\t\t\t\t\t\t<h2 class=\"kjw-accordion_title\">Akteur*innen im Kanton Solothurn<\/h2>\n\t\t\t\t\t\t\t\t<button class=\"kjw-accordion_toggle\">\n\t\t\t\t\t\t\t\t\t<svg width=\"20\" height=\"12\" viewBox=\"0 0 20 12\" fill=\"none\" xmlns=\"http:\/\/www.w3.org\/2000\/svg\">\n<path d=\"M1.87039 0.165039L0.100391 1.93504L10.0004 11.835L19.9004 1.93504L18.1304 0.165039L10.0004 8.29504L1.87039 0.165039V0.165039Z\" fill=\"#373737\" fill-opacity=\"0.7\"\/>\n<\/svg>\n\t\t\t\t\t\t\t\t<\/button>\n\t\t\t\t\t\t\t<\/div>\n\t\t\t\t\t\t\t<div class=\"kjw-accordion_content\">\n\t\t\t\t\t\t\t\t<p><!-- wp:paragraph --><\/p>\n<p>Die <a href=\"https:\/\/kinderjugendpolitik.so.ch\/die-drei-saeulen-der-kinder-und-jugendpolitik\/kinder-und-jugendfoerderung\/angebote\/\" target=\"_blank\" rel=\"noreferrer noopener\">Plattform f\u00fcr Kinder- und Jugendpolitik Kanton Solothurn<\/a> bietet eine \u00dcbersicht \u00fcber wichtige Akteur*innen und Angebote der Kinder- und Jugendf\u00f6rerung im Kanton Solothurn.<\/p>\n\t\t\t\t\t\t\t<\/div>\n\t\t\t\t\t\t<\/div>\n\t\t\t\t\t\t\t\t\t<\/div>\n\t\t\t<\/div>\n\t\t<\/div>\n\t<\/section>\n\n\n<style>\n\t.kjw-spacer-id-S7W6EQR023 {\n\t\theight: 40px;\n\t}\n\t@media (min-width: 768px) {\n\t\t.kjw-spacer-id-S7W6EQR023 {\n\t\t\theight: 80px;\n\t\t}\n\t}\n<\/style>\n<div class=\"kjw-spacer-block kjw-spacer-id-S7W6EQR023\"><\/div>\n\n\n\n<figure class=\"wp-block-image size-large\"><img loading=\"lazy\" decoding=\"async\" width=\"1024\" height=\"1024\" src=\"https:\/\/kinder-und-jugendfoerderung-wirkt.ch\/solothurn\/wp-content\/uploads\/sites\/8\/2022\/12\/Foto-23.11.19-17-44-18-3-2-1024x1024.jpg\" alt=\"\" class=\"wp-image-386\" srcset=\"https:\/\/kinder-und-jugendfoerderung-wirkt.ch\/solothurn\/wp-content\/uploads\/sites\/8\/2022\/12\/Foto-23.11.19-17-44-18-3-2-1024x1024.jpg 1024w, https:\/\/kinder-und-jugendfoerderung-wirkt.ch\/solothurn\/wp-content\/uploads\/sites\/8\/2022\/12\/Foto-23.11.19-17-44-18-3-2-300x300.jpg 300w, https:\/\/kinder-und-jugendfoerderung-wirkt.ch\/solothurn\/wp-content\/uploads\/sites\/8\/2022\/12\/Foto-23.11.19-17-44-18-3-2-150x150.jpg 150w, https:\/\/kinder-und-jugendfoerderung-wirkt.ch\/solothurn\/wp-content\/uploads\/sites\/8\/2022\/12\/Foto-23.11.19-17-44-18-3-2-768x768.jpg 768w, https:\/\/kinder-und-jugendfoerderung-wirkt.ch\/solothurn\/wp-content\/uploads\/sites\/8\/2022\/12\/Foto-23.11.19-17-44-18-3-2.jpg 1440w\" sizes=\"auto, (max-width: 1024px) 100vw, 1024px\" \/><figcaption class=\"wp-element-caption\">Aktionswoche unsere Rechte 2019 \/ Foto: kindundjugend.so<\/figcaption><\/figure>\n\n\n\t<section class=\"accordion-section\">\n\t\t<div class=\"row\">\n\t\t\t<div class=\"col-12\">\n\t\t\t\t<div class=\"kjw-accordion_wrap\">\n\t\t\t\t\t\t\t\t\t\t\t\t\t\t\t\t\t<div class=\"kjw-accordion\">\n\t\t\t\t\t\t\t<div class=\"kjw-accordion_header\">\n\t\t\t\t\t\t\t\t<h2 class=\"kjw-accordion_title\">Offene Kinder- und Jugenarbeit<\/h2>\n\t\t\t\t\t\t\t\t<button class=\"kjw-accordion_toggle\">\n\t\t\t\t\t\t\t\t\t<svg width=\"20\" height=\"12\" viewBox=\"0 0 20 12\" fill=\"none\" xmlns=\"http:\/\/www.w3.org\/2000\/svg\">\n<path d=\"M1.87039 0.165039L0.100391 1.93504L10.0004 11.835L19.9004 1.93504L18.1304 0.165039L10.0004 8.29504L1.87039 0.165039V0.165039Z\" fill=\"#373737\" fill-opacity=\"0.7\"\/>\n<\/svg>\n\t\t\t\t\t\t\t\t<\/button>\n\t\t\t\t\t\t\t<\/div>\n\t\t\t\t\t\t\t<div class=\"kjw-accordion_content\">\n\t\t\t\t\t\t\t\t<p><!-- wp:paragraph --><\/p>\n<p><!-- wp:paragraph --><\/p>\n<p>Diese von professionellen Fachpersonen geleiteten Freizeit-und ausserschulischen Bildungsangebote richten sich an alle Kinder und Jugendlichen einer Ge\u00admeinde bzw. einer Region. Typische Angebote sind Jugendzentren, Jugendtreffs, Jugendh\u00e4user, mobile Jugendarbeit, Abenteuerspielpl\u00e4tze, mobile Spielaktionen oder Jugendinformation. Kin\u00adder und Jugendliche k\u00f6nnen die Angebote der Offenen Kinder- und Jugendarbeit freiwillig, un\u00adverbindlich und selbstbestimmt nutzen. Mancherorts (z. B. auch in der franz\u00f6sischsprachigen Schweiz) wird in diesem Zusammenhang auch der Begriff \u00absoziokulturelle Angebote\u00bb verwen\u00addet. Im Unterschied zur Offenen Kinder- und Jugendarbeit richten sich soziokulturelle Angebote aber nicht ausschliesslich an Kinder und Jugendliche (z. B. Gemeinschaftszentren). Tr\u00e4ger*innen der Offenen Kinder- und Jugendarbeit sind z. B. Einwohnergemeinden, Vereine, Kirchgemein\u00adden oder Stiftungen. Die Anbieter*innen der Offenen Kinder- und Jugendarbeit und anderen so\u00adziokulturellen Angeboten sind in der Regel Mitglieder kantonaler oder interkantonaler Dachver\u00adb\u00e4nde (z. B. kindundjugend.so).<\/p>\n<ul>\n<li><a href=\"https:\/\/kinder-und-jugendfoerderung-wirkt.ch\/solothurn\/wp-content\/uploads\/sites\/8\/2025\/11\/Netzwerkkarte_kuj_A1_Regionen_2025.pdf\">Offene Kinder- und Jugendarbeit im Kanton Solothurn<\/a><\/li>\n<\/ul>\n<p><!-- \/wp:paragraph --> <!-- wp:paragraph --><\/p>\n<ul>\n<li><a href=\"https:\/\/doj.ch\/wp-content\/uploads\/2019\/09\/Synthesertext_Sprachregionen_def.pdf\" target=\"_blank\" rel=\"noopener\">\u00dcberblick \u00fcber die Offene Kinder- und Jugendarbeit in der Deutschschweiz und die Soziokulturelle Animation in der Westschweiz und im Tessin<\/a><!-- \/wp:paragraph --><\/li>\n<\/ul>\n<p><!-- wp:paragraph --><\/p>\n<p><!-- \/wp:paragraph --><\/p>\n<p><!-- \/wp:paragraph --><\/p>\n\t\t\t\t\t\t\t<\/div>\n\t\t\t\t\t\t<\/div>\n\t\t\t\t\t\t\t\t\t\t\t\t\t\t\t\t\t<div class=\"kjw-accordion\">\n\t\t\t\t\t\t\t<div class=\"kjw-accordion_header\">\n\t\t\t\t\t\t\t\t<h2 class=\"kjw-accordion_title\">Kinder- und Jugendverb\u00e4nde<\/h2>\n\t\t\t\t\t\t\t\t<button class=\"kjw-accordion_toggle\">\n\t\t\t\t\t\t\t\t\t<svg width=\"20\" height=\"12\" viewBox=\"0 0 20 12\" fill=\"none\" xmlns=\"http:\/\/www.w3.org\/2000\/svg\">\n<path d=\"M1.87039 0.165039L0.100391 1.93504L10.0004 11.835L19.9004 1.93504L18.1304 0.165039L10.0004 8.29504L1.87039 0.165039V0.165039Z\" fill=\"#373737\" fill-opacity=\"0.7\"\/>\n<\/svg>\n\t\t\t\t\t\t\t\t<\/button>\n\t\t\t\t\t\t\t<\/div>\n\t\t\t\t\t\t\t<div class=\"kjw-accordion_content\">\n\t\t\t\t\t\t\t\t<p>Diese Freizeitangebote f\u00fcr Kinder und Jugendliche werden von freiwilligen, d. h. unbezahlten Jugendlichen oder jungen Erwachsenen organisiert und durchge\u00adf\u00fchrt (z. B. Pfadi, Jubla, Cevi). Damit ist die Selbstorganisation ein wichtiges Merkmal der Kinder- und Jugendverbandsarbeit. Die Angebote sind auf Gemeindeebene oder regional in einzelnen Verbandsabteilungen organisiert. Zus\u00e4tzlich bestehen Verbandsstrukturen auf kantonaler und\/oder nationaler Ebene. Die Nutzer*innen sind in der Regel Mitglieder des entsprechenden Verbands. Grunds\u00e4tzlich finanzieren sich die Kinder- und Jugendverb\u00e4nde \u00fcber Mitgliederbei\u00adtr\u00e4ge. Oftmals erhalten sie von Kirchgemeinden und vereinzelt auch von Einwohnergemeinden finanzielle oder infrastrukturelle Unterst\u00fctzung (z. B. kostenlose R\u00e4ume).<\/p>\n<ul>\n<li><a href=\"https:\/\/kinder-und-jugendfoerderung-wirkt.ch\/solothurn\/wp-content\/uploads\/sites\/8\/2025\/11\/Netzwerkkarte_kuj_A1_Regionen_2025.pdf\">Scharen und Abteilungen im Kanton Solothurn<\/a><\/li>\n<\/ul>\n\t\t\t\t\t\t\t<\/div>\n\t\t\t\t\t\t<\/div>\n\t\t\t\t\t\t\t\t\t\t\t\t\t\t\t\t\t<div class=\"kjw-accordion\">\n\t\t\t\t\t\t\t<div class=\"kjw-accordion_header\">\n\t\t\t\t\t\t\t\t<h2 class=\"kjw-accordion_title\">Freizeitvereine und Fachorganisationen<\/h2>\n\t\t\t\t\t\t\t\t<button class=\"kjw-accordion_toggle\">\n\t\t\t\t\t\t\t\t\t<svg width=\"20\" height=\"12\" viewBox=\"0 0 20 12\" fill=\"none\" xmlns=\"http:\/\/www.w3.org\/2000\/svg\">\n<path d=\"M1.87039 0.165039L0.100391 1.93504L10.0004 11.835L19.9004 1.93504L18.1304 0.165039L10.0004 8.29504L1.87039 0.165039V0.165039Z\" fill=\"#373737\" fill-opacity=\"0.7\"\/>\n<\/svg>\n\t\t\t\t\t\t\t\t<\/button>\n\t\t\t\t\t\t\t<\/div>\n\t\t\t\t\t\t\t<div class=\"kjw-accordion_content\">\n\t\t\t\t\t\t\t\t<p><!-- wp:paragraph --><\/p>\n<p>Freizeitvereine bieten jeweils eine spezifische Freizeitt\u00e4tigkeit f\u00fcr Kinder und Jugendliche an (z. B. Fussballverein, Turnverein, Musikverein). Diese Angebote werden vorwie\u00adgend von freiwillig engagierten, also unbezahlten, Personen organisiert und durchgef\u00fchrt. Die Angebote haben einen ausgepr\u00e4gten lokalen Bezug. Die Vereine finanzieren sich vorwiegend durch Mitgliederbeitr\u00e4ge, zum Teil werden sie auch von den Gemeinden unterst\u00fctzt.<\/p>\n<p>Fachorganisationen bieten diverse F\u00f6rderangebote f\u00fcr Kinder und Jugend\u00adliche an (z. B. Sportangebote, Jugendinformation, Ferienpass). Dazu geh\u00f6ren z. B. Stiftungen und Vereine wie Pro Juventute, Ide\u00e9Sport etc.. Sie sind sowohl regional und\/oder kantonal als auch national organisiert.<\/p>\n<p><!-- \/wp:list --><\/p>\n\t\t\t\t\t\t\t<\/div>\n\t\t\t\t\t\t<\/div>\n\t\t\t\t\t\t\t\t\t\t\t\t\t\t\t\t\t<div class=\"kjw-accordion\">\n\t\t\t\t\t\t\t<div class=\"kjw-accordion_header\">\n\t\t\t\t\t\t\t\t<h2 class=\"kjw-accordion_title\">Schl\u00fcsselpersonen<\/h2>\n\t\t\t\t\t\t\t\t<button class=\"kjw-accordion_toggle\">\n\t\t\t\t\t\t\t\t\t<svg width=\"20\" height=\"12\" viewBox=\"0 0 20 12\" fill=\"none\" xmlns=\"http:\/\/www.w3.org\/2000\/svg\">\n<path d=\"M1.87039 0.165039L0.100391 1.93504L10.0004 11.835L19.9004 1.93504L18.1304 0.165039L10.0004 8.29504L1.87039 0.165039V0.165039Z\" fill=\"#373737\" fill-opacity=\"0.7\"\/>\n<\/svg>\n\t\t\t\t\t\t\t\t<\/button>\n\t\t\t\t\t\t\t<\/div>\n\t\t\t\t\t\t\t<div class=\"kjw-accordion_content\">\n\t\t\t\t\t\t\t\t<p><!-- wp:paragraph --><\/p>\n<p><!-- wp:paragraph --><\/p>\n<p><strong>Kommunale Ebene<\/strong><br \/>\nZentrale Schl\u00fcs\u00adselpersonen der Kinder- und Jugendf\u00f6rderung auf Ebene Politik und Verwaltung sind beispiels\u00adweise der Gemeinderat, eine Kinder- und Jugendkommission oder die zust\u00e4ndigen Personen in der Gemeindeverwaltung (z. B. kommunale Kinder- und Jugendbeauftragte). Wichtig sind aus\u00adserdem Zusammenarbeits- und Vernetzungsstrukturen, sowie Planungs- und Steuerungspro\u00adzesse von Diensten, Leistungen und Angeboten. Grunds\u00e4tzlich beeinflussen die Organisation und Verankerung der Kinder- und Jugendf\u00f6rderung in der Gemeinde in hohem Mass, ob Bedarf erkannt wird und ob darauf reagiert werden kann.<\/p>\n<p><!-- \/wp:paragraph --> <!-- wp:paragraph --><\/p>\n<p><strong>Kantonale Ebene<\/strong><br \/>\nDie kantonale Aufgabe im Bereich der Kinder- und Jugendf\u00f6rderung ist die Wahrung der Auto\u00adnomie der Kinder- und Jugendf\u00f6rderung der Gemeinden sowie die bedarfsgerechte F\u00f6rderung, z. B. im Rahmen von fachlicher Beratung, finanzieller Unterst\u00fctzung etc. Des Weiteren sind die kantonalen Fachstellen wichtige Bindeglieder zwischen den Gemeinden, Kantonen und der nati\u00adonaler Ebene (z. B. <a href=\"https:\/\/www.sodk.ch\/de\/fachkonferenzen\/kkjp\/\">KKJP<\/a>).<!-- \/wp:paragraph --><\/p>\n<p><!-- \/wp:paragraph --><\/p>\n\t\t\t\t\t\t\t<\/div>\n\t\t\t\t\t\t<\/div>\n\t\t\t\t\t\t\t\t\t<\/div>\n\t\t\t<\/div>\n\t\t<\/div>\n\t<\/section>\n\n\n\n<figure class=\"wp-block-image size-large\"><img loading=\"lazy\" decoding=\"async\" width=\"1024\" height=\"683\" src=\"https:\/\/kinder-und-jugendfoerderung-wirkt.ch\/solothurn\/wp-content\/uploads\/sites\/8\/2022\/12\/Rabea-Hueppi-2-1024x683.jpg\" alt=\"\" class=\"wp-image-390\" srcset=\"https:\/\/kinder-und-jugendfoerderung-wirkt.ch\/solothurn\/wp-content\/uploads\/sites\/8\/2022\/12\/Rabea-Hueppi-2-1024x683.jpg 1024w, https:\/\/kinder-und-jugendfoerderung-wirkt.ch\/solothurn\/wp-content\/uploads\/sites\/8\/2022\/12\/Rabea-Hueppi-2-300x200.jpg 300w, https:\/\/kinder-und-jugendfoerderung-wirkt.ch\/solothurn\/wp-content\/uploads\/sites\/8\/2022\/12\/Rabea-Hueppi-2-768x512.jpg 768w, https:\/\/kinder-und-jugendfoerderung-wirkt.ch\/solothurn\/wp-content\/uploads\/sites\/8\/2022\/12\/Rabea-Hueppi-2-1536x1024.jpg 1536w, https:\/\/kinder-und-jugendfoerderung-wirkt.ch\/solothurn\/wp-content\/uploads\/sites\/8\/2022\/12\/Rabea-Hueppi-2-2048x1365.jpg 2048w\" sizes=\"auto, (max-width: 1024px) 100vw, 1024px\" \/><figcaption class=\"wp-element-caption\">Jungwacht Blauring \/ Foto: Rabea H\u00fcppi<\/figcaption><\/figure>\n\n\n\n\n<style>\n\t.kjw-spacer-id-V6TI149SEH {\n\t\theight: 40px;\n\t}\n\t@media (min-width: 768px) {\n\t\t.kjw-spacer-id-V6TI149SEH {\n\t\t\theight: 80px;\n\t\t}\n\t}\n<\/style>\n<div class=\"kjw-spacer-block kjw-spacer-id-V6TI149SEH\"><\/div>\n","protected":false},"excerpt":{"rendered":"<p>Akteur*innen Kinder- und Jugendf\u00f6rderung wird im Kanton Solothurn durch unterschiedliche Akteur*innen und Angebote umgesetzt.<\/p>\n","protected":false},"author":2,"featured_media":0,"parent":0,"menu_order":0,"comment_status":"closed","ping_status":"closed","template":"","meta":{"_acf_changed":false,"footnotes":""},"class_list":["post-6","page","type-page","status-publish","hentry"],"acf":[],"yoast_head":"<!-- This site is optimized with the Yoast SEO plugin v25.2 - https:\/\/yoast.com\/wordpress\/plugins\/seo\/ -->\n<title>Akteur*innen - Solothurn - Kinder- und Jugendf\u00f6rderung wirkt<\/title>\n<meta name=\"robots\" content=\"index, follow, max-snippet:-1, max-image-preview:large, max-video-preview:-1\" \/>\n<link rel=\"canonical\" href=\"https:\/\/kinder-und-jugendfoerderung-wirkt.ch\/solothurn\/akteurinnen\/\" \/>\n<meta property=\"og:locale\" content=\"de_DE\" \/>\n<meta property=\"og:type\" content=\"article\" \/>\n<meta property=\"og:title\" content=\"Akteur*innen - Solothurn - Kinder- und Jugendf\u00f6rderung wirkt\" \/>\n<meta property=\"og:description\" content=\"Akteur*innen Kinder- und Jugendf\u00f6rderung wird im Kanton Solothurn durch unterschiedliche Akteur*innen und Angebote umgesetzt.\" \/>\n<meta property=\"og:url\" content=\"https:\/\/kinder-und-jugendfoerderung-wirkt.ch\/solothurn\/akteurinnen\/\" \/>\n<meta property=\"og:site_name\" content=\"Solothurn - Kinder- und Jugendf\u00f6rderung wirkt\" \/>\n<meta property=\"article:modified_time\" content=\"2025-11-04T13:25:28+00:00\" \/>\n<meta property=\"og:image\" content=\"https:\/\/kinder-und-jugendfoerderung-wirkt.ch\/solothurn\/wp-content\/uploads\/sites\/8\/2022\/12\/Foto-23.11.19-17-44-18-3-2.jpg\" \/>\n\t<meta property=\"og:image:width\" content=\"1440\" \/>\n\t<meta property=\"og:image:height\" content=\"1440\" \/>\n\t<meta property=\"og:image:type\" content=\"image\/jpeg\" \/>\n<meta name=\"twitter:card\" content=\"summary_large_image\" \/>\n<meta name=\"twitter:label1\" content=\"Gesch\u00e4tzte Lesezeit\" \/>\n\t<meta name=\"twitter:data1\" content=\"1\u00a0Minute\" \/>\n<script type=\"application\/ld+json\" class=\"yoast-schema-graph\">{\"@context\":\"https:\/\/schema.org\",\"@graph\":[{\"@type\":\"WebPage\",\"@id\":\"https:\/\/kinder-und-jugendfoerderung-wirkt.ch\/solothurn\/akteurinnen\/\",\"url\":\"https:\/\/kinder-und-jugendfoerderung-wirkt.ch\/solothurn\/akteurinnen\/\",\"name\":\"Akteur*innen - Solothurn - Kinder- und Jugendf\u00f6rderung wirkt\",\"isPartOf\":{\"@id\":\"https:\/\/kinder-und-jugendfoerderung-wirkt.ch\/solothurn\/#website\"},\"primaryImageOfPage\":{\"@id\":\"https:\/\/kinder-und-jugendfoerderung-wirkt.ch\/solothurn\/akteurinnen\/#primaryimage\"},\"image\":{\"@id\":\"https:\/\/kinder-und-jugendfoerderung-wirkt.ch\/solothurn\/akteurinnen\/#primaryimage\"},\"thumbnailUrl\":\"https:\/\/kinder-und-jugendfoerderung-wirkt.ch\/solothurn\/wp-content\/uploads\/sites\/8\/2022\/12\/Foto-23.11.19-17-44-18-3-2-1024x1024.jpg\",\"datePublished\":\"2022-09-27T08:54:23+00:00\",\"dateModified\":\"2025-11-04T13:25:28+00:00\",\"breadcrumb\":{\"@id\":\"https:\/\/kinder-und-jugendfoerderung-wirkt.ch\/solothurn\/akteurinnen\/#breadcrumb\"},\"inLanguage\":\"de-CH\",\"potentialAction\":[{\"@type\":\"ReadAction\",\"target\":[\"https:\/\/kinder-und-jugendfoerderung-wirkt.ch\/solothurn\/akteurinnen\/\"]}]},{\"@type\":\"ImageObject\",\"inLanguage\":\"de-CH\",\"@id\":\"https:\/\/kinder-und-jugendfoerderung-wirkt.ch\/solothurn\/akteurinnen\/#primaryimage\",\"url\":\"https:\/\/kinder-und-jugendfoerderung-wirkt.ch\/solothurn\/wp-content\/uploads\/sites\/8\/2022\/12\/Foto-23.11.19-17-44-18-3-2.jpg\",\"contentUrl\":\"https:\/\/kinder-und-jugendfoerderung-wirkt.ch\/solothurn\/wp-content\/uploads\/sites\/8\/2022\/12\/Foto-23.11.19-17-44-18-3-2.jpg\",\"width\":1440,\"height\":1440},{\"@type\":\"BreadcrumbList\",\"@id\":\"https:\/\/kinder-und-jugendfoerderung-wirkt.ch\/solothurn\/akteurinnen\/#breadcrumb\",\"itemListElement\":[{\"@type\":\"ListItem\",\"position\":1,\"name\":\"Home\",\"item\":\"https:\/\/kinder-und-jugendfoerderung-wirkt.ch\/solothurn\/\"},{\"@type\":\"ListItem\",\"position\":2,\"name\":\"Akteur*innen\"}]},{\"@type\":\"WebSite\",\"@id\":\"https:\/\/kinder-und-jugendfoerderung-wirkt.ch\/solothurn\/#website\",\"url\":\"https:\/\/kinder-und-jugendfoerderung-wirkt.ch\/solothurn\/\",\"name\":\"Solothurn - Kinder- und Jugendf\u00f6rderung wirkt\",\"description\":\"\",\"potentialAction\":[{\"@type\":\"SearchAction\",\"target\":{\"@type\":\"EntryPoint\",\"urlTemplate\":\"https:\/\/kinder-und-jugendfoerderung-wirkt.ch\/solothurn\/?s={search_term_string}\"},\"query-input\":{\"@type\":\"PropertyValueSpecification\",\"valueRequired\":true,\"valueName\":\"search_term_string\"}}],\"inLanguage\":\"de-CH\"}]}<\/script>\n<!-- \/ Yoast SEO plugin. -->","yoast_head_json":{"title":"Akteur*innen - Solothurn - Kinder- und Jugendf\u00f6rderung wirkt","robots":{"index":"index","follow":"follow","max-snippet":"max-snippet:-1","max-image-preview":"max-image-preview:large","max-video-preview":"max-video-preview:-1"},"canonical":"https:\/\/kinder-und-jugendfoerderung-wirkt.ch\/solothurn\/akteurinnen\/","og_locale":"de_DE","og_type":"article","og_title":"Akteur*innen - Solothurn - Kinder- und Jugendf\u00f6rderung wirkt","og_description":"Akteur*innen Kinder- und Jugendf\u00f6rderung wird im Kanton Solothurn durch unterschiedliche Akteur*innen und Angebote umgesetzt.","og_url":"https:\/\/kinder-und-jugendfoerderung-wirkt.ch\/solothurn\/akteurinnen\/","og_site_name":"Solothurn - Kinder- und Jugendf\u00f6rderung wirkt","article_modified_time":"2025-11-04T13:25:28+00:00","og_image":[{"width":1440,"height":1440,"url":"https:\/\/kinder-und-jugendfoerderung-wirkt.ch\/solothurn\/wp-content\/uploads\/sites\/8\/2022\/12\/Foto-23.11.19-17-44-18-3-2.jpg","type":"image\/jpeg"}],"twitter_card":"summary_large_image","twitter_misc":{"Gesch\u00e4tzte Lesezeit":"1\u00a0Minute"},"schema":{"@context":"https:\/\/schema.org","@graph":[{"@type":"WebPage","@id":"https:\/\/kinder-und-jugendfoerderung-wirkt.ch\/solothurn\/akteurinnen\/","url":"https:\/\/kinder-und-jugendfoerderung-wirkt.ch\/solothurn\/akteurinnen\/","name":"Akteur*innen - Solothurn - Kinder- und Jugendf\u00f6rderung wirkt","isPartOf":{"@id":"https:\/\/kinder-und-jugendfoerderung-wirkt.ch\/solothurn\/#website"},"primaryImageOfPage":{"@id":"https:\/\/kinder-und-jugendfoerderung-wirkt.ch\/solothurn\/akteurinnen\/#primaryimage"},"image":{"@id":"https:\/\/kinder-und-jugendfoerderung-wirkt.ch\/solothurn\/akteurinnen\/#primaryimage"},"thumbnailUrl":"https:\/\/kinder-und-jugendfoerderung-wirkt.ch\/solothurn\/wp-content\/uploads\/sites\/8\/2022\/12\/Foto-23.11.19-17-44-18-3-2-1024x1024.jpg","datePublished":"2022-09-27T08:54:23+00:00","dateModified":"2025-11-04T13:25:28+00:00","breadcrumb":{"@id":"https:\/\/kinder-und-jugendfoerderung-wirkt.ch\/solothurn\/akteurinnen\/#breadcrumb"},"inLanguage":"de-CH","potentialAction":[{"@type":"ReadAction","target":["https:\/\/kinder-und-jugendfoerderung-wirkt.ch\/solothurn\/akteurinnen\/"]}]},{"@type":"ImageObject","inLanguage":"de-CH","@id":"https:\/\/kinder-und-jugendfoerderung-wirkt.ch\/solothurn\/akteurinnen\/#primaryimage","url":"https:\/\/kinder-und-jugendfoerderung-wirkt.ch\/solothurn\/wp-content\/uploads\/sites\/8\/2022\/12\/Foto-23.11.19-17-44-18-3-2.jpg","contentUrl":"https:\/\/kinder-und-jugendfoerderung-wirkt.ch\/solothurn\/wp-content\/uploads\/sites\/8\/2022\/12\/Foto-23.11.19-17-44-18-3-2.jpg","width":1440,"height":1440},{"@type":"BreadcrumbList","@id":"https:\/\/kinder-und-jugendfoerderung-wirkt.ch\/solothurn\/akteurinnen\/#breadcrumb","itemListElement":[{"@type":"ListItem","position":1,"name":"Home","item":"https:\/\/kinder-und-jugendfoerderung-wirkt.ch\/solothurn\/"},{"@type":"ListItem","position":2,"name":"Akteur*innen"}]},{"@type":"WebSite","@id":"https:\/\/kinder-und-jugendfoerderung-wirkt.ch\/solothurn\/#website","url":"https:\/\/kinder-und-jugendfoerderung-wirkt.ch\/solothurn\/","name":"Solothurn - Kinder- und Jugendf\u00f6rderung wirkt","description":"","potentialAction":[{"@type":"SearchAction","target":{"@type":"EntryPoint","urlTemplate":"https:\/\/kinder-und-jugendfoerderung-wirkt.ch\/solothurn\/?s={search_term_string}"},"query-input":{"@type":"PropertyValueSpecification","valueRequired":true,"valueName":"search_term_string"}}],"inLanguage":"de-CH"}]}},"_links":{"self":[{"href":"https:\/\/kinder-und-jugendfoerderung-wirkt.ch\/solothurn\/wp-json\/wp\/v2\/pages\/6","targetHints":{"allow":["GET"]}}],"collection":[{"href":"https:\/\/kinder-und-jugendfoerderung-wirkt.ch\/solothurn\/wp-json\/wp\/v2\/pages"}],"about":[{"href":"https:\/\/kinder-und-jugendfoerderung-wirkt.ch\/solothurn\/wp-json\/wp\/v2\/types\/page"}],"author":[{"embeddable":true,"href":"https:\/\/kinder-und-jugendfoerderung-wirkt.ch\/solothurn\/wp-json\/wp\/v2\/users\/2"}],"replies":[{"embeddable":true,"href":"https:\/\/kinder-und-jugendfoerderung-wirkt.ch\/solothurn\/wp-json\/wp\/v2\/comments?post=6"}],"version-history":[{"count":65,"href":"https:\/\/kinder-und-jugendfoerderung-wirkt.ch\/solothurn\/wp-json\/wp\/v2\/pages\/6\/revisions"}],"predecessor-version":[{"id":1077,"href":"https:\/\/kinder-und-jugendfoerderung-wirkt.ch\/solothurn\/wp-json\/wp\/v2\/pages\/6\/revisions\/1077"}],"wp:attachment":[{"href":"https:\/\/kinder-und-jugendfoerderung-wirkt.ch\/solothurn\/wp-json\/wp\/v2\/media?parent=6"}],"curies":[{"name":"wp","href":"https:\/\/api.w.org\/{rel}","templated":true}]}}