{"id":15,"date":"2022-09-27T08:58:44","date_gmt":"2022-09-27T08:58:44","guid":{"rendered":"https:\/\/kinder-und-jugendfoerderung-wirkt.ch\/solothurn\/?page_id=15"},"modified":"2025-11-25T14:28:41","modified_gmt":"2025-11-25T14:28:41","slug":"themen","status":"publish","type":"page","link":"https:\/\/kinder-und-jugendfoerderung-wirkt.ch\/solothurn\/themen\/","title":{"rendered":"Themen"},"content":{"rendered":"\n<h1 class=\"wp-block-heading\">Querschnittthemen<\/h1>\n\n\n\n<p>Die Kinder- und Jugendf\u00f6rderung umfasst vielf\u00e4ltige Lebensbereiche von Kindern und Jugendlichen. Kindundjugend.so b\u00fcndelt gemeinsam mit den Fachstellen der Offenen Kinder- und Jugendarbeit im Kanton Solothurn Fachwissen und Angebote zu relevanten Querschnittthemen. <\/p>\n\n\n\n<p>Die Themendossiers bieten Fachpersonen, kommunalen Entscheidungstragenden und weiteren Akteur*innen fundierte Grundlagen und praxisnahe Werkzeuge aus der Offenen Kinder- und Jugendarbeit, um auf aktuelle gesellschaftliche Entwicklungen reagieren und konkrete Umsetzungen gestalten zu k\u00f6nnen. Die Themen orientieren sich an aktuellen Entwicklungen im Bereich der Offenen Kinder- und Jugendarbeit und werden laufend ausgebaut. <\/p>\n\n\n<style>\n\t.kjw-spacer-id-4J1DMGUW2V {\n\t\theight: 40px;\n\t}\n\t@media (min-width: 768px) {\n\t\t.kjw-spacer-id-4J1DMGUW2V {\n\t\t\theight: 80px;\n\t\t}\n\t}\n<\/style>\n<div class=\"kjw-spacer-block kjw-spacer-id-4J1DMGUW2V\"><\/div>\n\n\n\t<section class=\"accordion-section\">\n\t\t<div class=\"row\">\n\t\t\t<div class=\"col-12\">\n\t\t\t\t<div class=\"kjw-accordion_wrap\">\n\t\t\t\t\t\t\t\t\t\t\t\t\t\t\t\t\t<div class=\"kjw-accordion\">\n\t\t\t\t\t\t\t<div class=\"kjw-accordion_header\">\n\t\t\t\t\t\t\t\t<h2 class=\"kjw-accordion_title\">Psychische Gesundheit bei Kindern und Jugendlichen<\/h2>\n\t\t\t\t\t\t\t\t<button class=\"kjw-accordion_toggle\">\n\t\t\t\t\t\t\t\t\t<svg width=\"20\" height=\"12\" viewBox=\"0 0 20 12\" fill=\"none\" xmlns=\"http:\/\/www.w3.org\/2000\/svg\">\n<path d=\"M1.87039 0.165039L0.100391 1.93504L10.0004 11.835L19.9004 1.93504L18.1304 0.165039L10.0004 8.29504L1.87039 0.165039V0.165039Z\" fill=\"#373737\" fill-opacity=\"0.7\"\/>\n<\/svg>\n\t\t\t\t\t\t\t\t<\/button>\n\t\t\t\t\t\t\t<\/div>\n\t\t\t\t\t\t\t<div class=\"kjw-accordion_content\">\n\t\t\t\t\t\t\t\t<p><strong>Offene Kinder- und Jugendarbeit st\u00e4rkt psychische Gesundheit von Kindern und Jugendlichen<\/strong><\/p>\n<p>Die Offene Kinder- und Jugendarbeit (OKJA) st\u00e4rkt die psychische Gesundheit und f\u00f6rdert die Resilienz von Kindern und Jugendlichen. Dies geschieht in den Angeboten spontan nach Bedarf und gezielt mittels Aktivit\u00e4ten. Dazu tr\u00e4gt der Kontext, wo OKJA umgesetzt wird, ihre Angebote sowie die <a href=\"https:\/\/doj.ch\/files\/DOJ\/wissen\/Fachpublikationen\/DE_Fachpublikationen\/Offene%20Kinder-%20und%20Jugendarbeit%20in%20der%20Schweiz_Grundlagen%20f%C3%BCr%20Entscheidungstraeger_innen%20und%20Fachpersonen.pdf\" target=\"_blank\" rel=\"noopener\">Grund- und Arbeitsprinzipien<\/a> bei. Grundlage sind die Beziehungen der Fachpersonen zu den Kindern und Jugendlichen.<\/p>\n<p>Die OKJA f\u00f6rdert psychische Gesundheit von Kindern und Jugendlichen indem sie:<\/p>\n<ul>\n<li>Freir\u00e4ume f\u00fcr Entspannung und Erholung schaff<\/li>\n<li>Vertrauen durch tragf\u00e4hige Beziehungen schafft<\/li>\n<li>den Kindern und Jugendlichen Lernfelder bietet und die M\u00f6glichkeit, neue Handlungsoptionen auszuprobieren<\/li>\n<li>den Kindern und Jugendlichen ohne Vorurteile begegnen und R\u00e4ume f\u00fcr Diversit\u00e4t bietet. Dies st\u00e4rkt die Identit\u00e4t und das Selbstwertgef\u00fchl.<\/li>\n<li>Sich an Potentialen, Bed\u00fcrfnissen und Themen der Kinder und Jugendlichen orientiert. Kinder und Jugendliche lernen, ihre Bed\u00fcrfnisse zu erkennen und zu \u00e4ussern.<\/li>\n<li>Den Kindern und Jugendlichen die gesellschaftspolitische Teilhabe in ihrer Lebenswelt und im Gemeinwesen erm\u00f6glicht. Das f\u00f6rdert die Zugeh\u00f6rigkeit und Selbstwirksamkeit.<\/li>\n<\/ul>\n<p>kindundjugend.so stellt in Kooperation mit Partnerorganisationen Bildungsangebote, Grundlagen und Sensibilisierungsmaterial zur Verf\u00fcgung.<\/p>\n<h2><strong>Bildung<\/strong><\/h2>\n<p>Fachpersonen der Offenen Kinder- und Jugendarbeit eignen sich in spezifisch f\u00fcr sie ausgerichteten Weiterbildungen praxisnahes, spezifisches Wissen an.\u00a0<a href=\"https:\/\/kindundjugend.so\/offene-kinder-und-jugendarbeit\/bildung-und-vernetzung\/psychische-gesundheit-bei-kindern-und-jugendlichen\/\" target=\"_blank\" rel=\"noopener\">Hier<\/a> geht\u2019s zu der Weiterbildung.<\/p>\n<h2><strong>Grundlagen und Methoden<\/strong><\/h2>\n<p><strong>aus unserem Netzwerk:<\/strong><\/p>\n<ul>\n<li><a href=\"https:\/\/kinder-und-jugendfoerderung-wirkt.ch\/solothurn\/wp-content\/uploads\/sites\/8\/2025\/11\/Beratungsangebote_Kt.-SO_OKJAS.pdf\" target=\"_blank\" rel=\"noopener\">Beratungs- und Triagestellen im Kanton Solothurn (kindundjugend.so)<\/a><\/li>\n<li><a href=\"https:\/\/doj.ch\/de\/wissen\/hilfsmittel\/undduso\" target=\"_blank\" rel=\"noopener\">Und du so?: Methodenkoffer, Hilfsmittel und Informationen f\u00fcr die OKJA (DOJ)<\/a><\/li>\n<li><a href=\"https:\/\/kindundjugend.so\/wp-content\/uploads\/2025\/01\/Plakat_Psychische_Gesundheit_OKJA.pdf\" target=\"_blank\" rel=\"noopener\">Plakat: Wie Offene Kinder- und Jugendarbeit psychische Gesundheit f\u00f6rdert (DOJ)<\/a>\u00a0(Bestellungen <a href=\"https:\/\/doj.ch\/de\/bestellungen\" target=\"_blank\" rel=\"noopener\">hier<\/a>)<\/li>\n<li><a href=\"https:\/\/kinder-und-jugendfoerderung-wirkt.ch\/solothurn\/wp-content\/uploads\/sites\/8\/2025\/11\/Frueherkennung.pdf\" target=\"_blank\" rel=\"noopener\">Vorlage: Ablauf Fr\u00fcherkennung (einer Kindes-Gef\u00e4hrdung) auf einem Spielplatz (Robi Olten)<\/a><\/li>\n<li><a href=\"https:\/\/twice.shop\/jublasolothurn\/product\/qbmSAPyOFjd2ivzVjQNa\">Himi. Hilfsmittel f\u00fcr brenzlige Situationen (Jungwacht Blauring Kanton Solothurn)<\/a><\/li>\n<li><a href=\"https:\/\/kinder-und-jugendfoerderung-wirkt.ch\/solothurn\/wp-content\/uploads\/sites\/8\/2025\/11\/yoga.pdf\" target=\"_blank\" rel=\"noopener\">Yoga f\u00fcr Kinder und Jugendliche in der Region Solothurn (Jugendarbeit Bellach)<\/a><\/li>\n<\/ul>\n<p><strong>weitere Hilfsmittel:<\/strong><\/p>\n<ul>\n<li><a href=\"https:\/\/www.bag.admin.ch\/dam\/de\/sd-web\/Flbo9RJsMz1F\/f-f-.pdf\" target=\"_blank\" rel=\"noopener\">Fr\u00fcherkennung und Fr\u00fchintervention bei Jugendlichen. Rechtsgrundlagen f\u00fcr Schulen und Gemeinden (HSLU)<\/a><\/li>\n<li><a href=\"https:\/\/www.akzent-luzern.ch\/pr%C3%A4vention\/downloads\/leitfaden_jugendarbeit.pdf\">Fr\u00fchintervention in der Jugendarbeit. Leitfaden und Checklisten zum Umgang mit (sucht-) gef\u00e4hrdeten Kindern \/ Jugendlichen (akzent)<\/a><\/li>\n<li><a href=\"https:\/\/www.curaviva.ch\/files\/QBBI4LK\/praxishilfe_fuer_den_umgang_mit_suizidalen_krisen__curaviva_schweiz_pro_juventute__2016.pdf\" target=\"_blank\" rel=\"noopener\">Praxishilfe f\u00fcr den Umgang mit suizidalen Krisen (YOUVITA)<\/a><\/li>\n<\/ul>\n<h2><strong>Links<\/strong><\/h2>\n<ul>\n<li><a href=\"http:\/\/www.147.ch\">Jugendberatungsangebot 147<\/a><\/li>\n<li><a href=\"https:\/\/www.projuventute.ch\/de\/elternberatung\">Elternberatung 24\/7<\/a><\/li>\n<li><a href=\"https:\/\/www.hebsorg.ch\/suche?form%5bsearch%5d=&amp;topic%5b%5d=1&amp;tag%5b%5d=1&amp;tag%5b%5d=2&amp;tag%5b%5d=3&amp;\" target=\"_blank\" rel=\"noopener\">Hebsorg<\/a><\/li>\n<li><a href=\"https:\/\/www.feel-ok.ch\/de_CH\/jugendliche\/jugendliche-koerper-psyche.cfm\" target=\"_blank\" rel=\"noopener\">feel-ok.ch<\/a><\/li>\n<li><a href=\"https:\/\/www.wie-gehts-dir.ch\/\" target=\"_blank\" rel=\"noopener\">\u00abWie geht\u2019s dir?\u00bb<\/a>\n<ul>\n<li style=\"list-style-type: none\"><\/li>\n<\/ul>\n<\/li>\n<li><a href=\"https:\/\/promentesana.ch\/angebote\/anzeichen-erkennen\/belastungen-bei-kindern-und-jugendlichen\" target=\"_blank\" rel=\"noopener\">Pro Mente Sana<\/a><\/li>\n<li><a href=\"https:\/\/gesundheitsfoerderung.ch\/themen\/kantonale-aktionsprogramme\/empfehlungen-zur-staerkung-der-psychischen-gesundheit-von-kindern\" target=\"_blank\" rel=\"noopener\">Gesundheitsf\u00f6rderung Schweiz<\/a><\/li>\n<li><a href=\"https:\/\/www.admin.ch\/gov\/de\/start\/dokumentation\/medienmitteilungen.msg-id-100482.html\" target=\"_blank\" rel=\"noopener\">EKKJ fordert nachhaltige Massnahmen zur St\u00e4rkung der psychischen Gesundheit von Kindern und Jugendlichen<\/a><\/li>\n<li><a href=\"https:\/\/www.kinderseele.ch\/\">Institut Kinderseele Schweiz<\/a><\/li>\n<li><a href=\"https:\/\/www.reden-kann-retten.ch\/\">Reden kann Retten<\/a><\/li>\n<li><a href=\"https:\/\/www.seelsorge.net\/\">Seelsorge<\/a><\/li>\n<li><a href=\"https:\/\/www.medienprojekt-wuppertal.de\/\">Medienprojekt Wuppertal (D)<\/a><\/li>\n<li><a href=\"https:\/\/www.npg-rsp.ch\/home.html\">Netzwerk Psychische Gesundheit Schweiz<\/a><\/li>\n<li><a href=\"https:\/\/xn--sero-suizidprvention-nzb.ch\/\">Suizidpr\u00e4vention<\/a><\/li>\n<\/ul>\n\t\t\t\t\t\t\t<\/div>\n\t\t\t\t\t\t<\/div>\n\t\t\t\t\t\t\t\t\t\t\t\t\t\t\t\t\t<div class=\"kjw-accordion\">\n\t\t\t\t\t\t\t<div class=\"kjw-accordion_header\">\n\t\t\t\t\t\t\t\t<h2 class=\"kjw-accordion_title\">Geschlechtervielfalt<\/h2>\n\t\t\t\t\t\t\t\t<button class=\"kjw-accordion_toggle\">\n\t\t\t\t\t\t\t\t\t<svg width=\"20\" height=\"12\" viewBox=\"0 0 20 12\" fill=\"none\" xmlns=\"http:\/\/www.w3.org\/2000\/svg\">\n<path d=\"M1.87039 0.165039L0.100391 1.93504L10.0004 11.835L19.9004 1.93504L18.1304 0.165039L10.0004 8.29504L1.87039 0.165039V0.165039Z\" fill=\"#373737\" fill-opacity=\"0.7\"\/>\n<\/svg>\n\t\t\t\t\t\t\t\t<\/button>\n\t\t\t\t\t\t\t<\/div>\n\t\t\t\t\t\t\t<div class=\"kjw-accordion_content\">\n\t\t\t\t\t\t\t\t<p><strong>Raum f\u00fcr Vielfalt: Geschlechterreflektierte Arbeit mit Kindern und Jugendlichen<\/strong><\/p>\n<p>Der gesellschaftliche Wandel machte in den letzten Jahren die geschlechtliche, romantische und sexuelle Vielfalt deutlich sichtbar. F\u00fcr Jugendliche und junge Erwachsene sind die Fragen zur Identit\u00e4tsbildung vielf\u00e4ltiger geworden. Fachpersonen der Offenen Kinder- und Jugendarbeit sind in diesen Prozessen wichtige Ansprechparter*innen geworden, um Unsicherheiten und \u00c4ngste ernst zu nehmen und abzubauen. Die Offene Kinder- und Jugendarbeit setzt sich f\u00fcr inklusive Prozesse ein und stellt Kindern und Jugendlichen diskriminierungsfreie R\u00e4ume und Angebote zur Verf\u00fcgung. Sie handelt im Grundprinzip der Offenheit.<\/p>\n<h2><strong>Grundlagen und Methoden<\/strong><\/h2>\n<ul>\n<li><a href=\"https:\/\/kindundjugend.so\/wp-content\/uploads\/2022\/11\/Merkblatt_Geschlechterneutrale_Sprache_kindundjugend.so_2022.pdf\" target=\"_blank\" rel=\"noopener\">Merkblatt geschlechterneutrale Sprache_kindundjugend.so<\/a><\/li>\n<li><a href=\"https:\/\/kindundjugend.so\/wp-content\/uploads\/2025\/01\/LITERA1.pdf\" target=\"_blank\" rel=\"noopener\">Literatur- und Spielempfehlungen f\u00fcr die Offene Arbeit mit Kindern<\/a><\/li>\n<li>Leitfaden geschlechtersensibles Handeln in der OKJA (erarbeitet durch die Jugendarbeit Solothurn). Interessierte Fachpersonen melden sich bei der\u00a0<a href=\"https:\/\/altesspital.ch\/soziales\/jugendarbeit\/\" target=\"_blank\" rel=\"noopener\">Jugendarbeit Solothurn<\/a>.<\/li>\n<li><a href=\"https:\/\/twice.shop\/jublasolothurn\/product\/qbmSAPyOFjd2ivzVjQNa\">Himi. Hilfsmittel f\u00fcr brenzlige Situationen (Jungwacht Blauring Kanton Solothurn)<\/a><\/li>\n<\/ul>\n<h2><strong>Sensibilisierungsmaterial<\/strong><\/h2>\n<ul>\n<li><a href=\"https:\/\/kindundjugend.so\/wp-content\/uploads\/2023\/06\/KuJ_Plakat_Kind-Jugentage_2022_A3_03_CMYK_1.pdf\" target=\"_blank\" rel=\"noopener\">Plakat 1 \u201eWir-sind-f\u00fcr-alle-da\u201c<\/a><\/li>\n<li><a href=\"https:\/\/kindundjugend.so\/wp-content\/uploads\/2023\/06\/KuJ_Plakat_Kind-Jugentage_2022_A3_03_CMYK_2.pdf\" target=\"_blank\" rel=\"noopener\">Plakat 2 \u201eWir sind f\u00fcr alle da\u201c<\/a><\/li>\n<li><a href=\"https:\/\/kindundjugend.so\/wp-content\/uploads\/2023\/06\/KuJ_Plakat_Kind-Jugentage_2022_A3_03_CMYK_3.pdf\" target=\"_blank\" rel=\"noopener\">Plakat 3 \u201e\u201cwir-sind-f\u00fcr-alle-da!\u201c\u00a0<\/a><\/li>\n<li><a href=\"https:\/\/kindundjugend.so\/wp-content\/uploads\/2023\/06\/KuJ_Plakat_Kind-Jugentage_2022_A3_03_CMYK_4.pdf\" target=\"_blank\" rel=\"noopener\">Plakat 4 \u201ewir-sind-f\u00fcr-alle-da!\u201c<\/a><\/li>\n<li><a href=\"https:\/\/kindundjugend.so\/wp-content\/uploads\/2023\/06\/KuJ_Plakat_Kind-Jugentage_2022_A3_03_CMYK_5.pdf\" target=\"_blank\" rel=\"noopener\">Plakat 5 \u201ewir-sind-f\u00fcr-alle-da!\u201c<\/a><\/li>\n<\/ul>\n<p>Plakate k\u00f6nnen kostenlos per\u00a0<a href=\"mailto:info@kindundjugend.so\" target=\"_blank\" rel=\"noopener\">Mail<\/a>\u00a0bestellt werden.<\/p>\n<h2><strong>Angebote<\/strong><\/h2>\n<ul>\n<li>Treffbesuche von LGBT+ Personen und Unterst\u00fctzung in themenspezifischen Fragen<strong><br \/>\n<\/strong><a href=\"https:\/\/smoton.com\/fanwawdz-c3gdknsy-ytbo5stv-zeh\">du-bist-du<\/a>\u00a0bietet Besuche und niederschwelliges Kennenlernen von LGBT+ Personen vor Ort in Jugendeinrichtungen an. Junge Menschen k\u00f6nnen so mehr \u00fcber diese Themen erfahren und Vorurteile sowie Ber\u00fchrungs\u00e4ngste abbauen. Dieses Vorgehen hat einen positiven Einfluss auf die Einstellungen, wodurch Mobbing reduziert werden kann. Ausserdem kann durch einen Austausch der Stressfaktor f\u00fcr Jugendliche vor oder im Coming-out-Prozess minimiert werden. Die Besuche werden von einer Fachperson und 1 bis 3 Volunteers von du-bist-du durchgef\u00fchrt und angeleitet. Weiter unterst\u00fctzt\u00a0du-bist-du\u00a0Fachstellen in der Erarbeitung von Angeboten und in Fragen rund um das Thema Geschlechtervielfalt.<\/li>\n<\/ul>\n<h2><strong>Links<\/strong><\/h2>\n<ul>\n<li><a href=\"https:\/\/www.queer-mittelland.ch\/\">Queer Mittelland<\/a><\/li>\n<li><a href=\"https:\/\/milchjugend.ch\/#home2\">Milchjugend<\/a><\/li>\n<li><a href=\"https:\/\/du-bist-du.ch\/\">du-bist-du<\/a><\/li>\n<li><a href=\"https:\/\/www.pinkcross.ch\/de\">Pink Cross<\/a><\/li>\n<li><a href=\"https:\/\/www.los.ch\/\">Lesbenorganisation Schweiz<\/a><\/li>\n<li><a href=\"https:\/\/www.tgns.ch\/de\/\">Transgender Network Switzerland<\/a><\/li>\n<li><a href=\"https:\/\/www.regenbogenfamilien.ch\/\">Dachverband Regenbogenfamilien Schweiz<\/a><\/li>\n<li><a href=\"https:\/\/queeramnesty.ch\/\">QUEERAMNESTY\u00a0<\/a><\/li>\n<\/ul>\n\t\t\t\t\t\t\t<\/div>\n\t\t\t\t\t\t<\/div>\n\t\t\t\t\t\t\t\t\t<\/div>\n\t\t\t<\/div>\n\t\t<\/div>\n\t<\/section>\n\n\n\n\n<style>\n\t.kjw-spacer-id-W3S796NZYE {\n\t\theight: 40px;\n\t}\n\t@media (min-width: 768px) {\n\t\t.kjw-spacer-id-W3S796NZYE {\n\t\t\theight: 80px;\n\t\t}\n\t}\n<\/style>\n<div class=\"kjw-spacer-block kjw-spacer-id-W3S796NZYE\"><\/div>\n","protected":false},"excerpt":{"rendered":"<p>Querschnittthemen Die Kinder- und Jugendf\u00f6rderung umfasst vielf\u00e4ltige Lebensbereiche von Kindern und Jugendlichen. Kindundjugend.so b\u00fcndelt gemeinsam mit den Fachstellen der Offenen Kinder- und Jugendarbeit im Kanton Solothurn Fachwissen und Angebote zu relevanten Querschnittthemen. Die Themendossiers bieten Fachpersonen, kommunalen Entscheidungstragenden und weiteren Akteur*innen fundierte Grundlagen und praxisnahe Werkzeuge aus der Offenen Kinder- und Jugendarbeit, um auf aktuelle [&hellip;]<\/p>\n","protected":false},"author":2,"featured_media":0,"parent":0,"menu_order":0,"comment_status":"closed","ping_status":"closed","template":"","meta":{"_acf_changed":false,"footnotes":""},"class_list":["post-15","page","type-page","status-publish","hentry"],"acf":[],"yoast_head":"<!-- This site is optimized with the Yoast SEO plugin v25.2 - https:\/\/yoast.com\/wordpress\/plugins\/seo\/ -->\n<title>Themen - Solothurn - Kinder- und Jugendf\u00f6rderung wirkt<\/title>\n<meta name=\"robots\" content=\"index, follow, max-snippet:-1, max-image-preview:large, max-video-preview:-1\" \/>\n<link rel=\"canonical\" href=\"https:\/\/kinder-und-jugendfoerderung-wirkt.ch\/solothurn\/themen\/\" \/>\n<meta property=\"og:locale\" content=\"de_DE\" \/>\n<meta property=\"og:type\" content=\"article\" \/>\n<meta property=\"og:title\" content=\"Themen - Solothurn - Kinder- und Jugendf\u00f6rderung wirkt\" \/>\n<meta property=\"og:description\" content=\"Querschnittthemen Die Kinder- und Jugendf\u00f6rderung umfasst vielf\u00e4ltige Lebensbereiche von Kindern und Jugendlichen. Kindundjugend.so b\u00fcndelt gemeinsam mit den Fachstellen der Offenen Kinder- und Jugendarbeit im Kanton Solothurn Fachwissen und Angebote zu relevanten Querschnittthemen. Die Themendossiers bieten Fachpersonen, kommunalen Entscheidungstragenden und weiteren Akteur*innen fundierte Grundlagen und praxisnahe Werkzeuge aus der Offenen Kinder- und Jugendarbeit, um auf aktuelle [&hellip;]\" \/>\n<meta property=\"og:url\" content=\"https:\/\/kinder-und-jugendfoerderung-wirkt.ch\/solothurn\/themen\/\" \/>\n<meta property=\"og:site_name\" content=\"Solothurn - Kinder- und Jugendf\u00f6rderung wirkt\" \/>\n<meta property=\"article:modified_time\" content=\"2025-11-25T14:28:41+00:00\" \/>\n<meta name=\"twitter:card\" content=\"summary_large_image\" \/>\n<meta name=\"twitter:label1\" content=\"Gesch\u00e4tzte Lesezeit\" \/>\n\t<meta name=\"twitter:data1\" content=\"1\u00a0Minute\" \/>\n<script type=\"application\/ld+json\" class=\"yoast-schema-graph\">{\"@context\":\"https:\/\/schema.org\",\"@graph\":[{\"@type\":\"WebPage\",\"@id\":\"https:\/\/kinder-und-jugendfoerderung-wirkt.ch\/solothurn\/themen\/\",\"url\":\"https:\/\/kinder-und-jugendfoerderung-wirkt.ch\/solothurn\/themen\/\",\"name\":\"Themen - Solothurn - Kinder- und Jugendf\u00f6rderung wirkt\",\"isPartOf\":{\"@id\":\"https:\/\/kinder-und-jugendfoerderung-wirkt.ch\/solothurn\/#website\"},\"datePublished\":\"2022-09-27T08:58:44+00:00\",\"dateModified\":\"2025-11-25T14:28:41+00:00\",\"breadcrumb\":{\"@id\":\"https:\/\/kinder-und-jugendfoerderung-wirkt.ch\/solothurn\/themen\/#breadcrumb\"},\"inLanguage\":\"de-CH\",\"potentialAction\":[{\"@type\":\"ReadAction\",\"target\":[\"https:\/\/kinder-und-jugendfoerderung-wirkt.ch\/solothurn\/themen\/\"]}]},{\"@type\":\"BreadcrumbList\",\"@id\":\"https:\/\/kinder-und-jugendfoerderung-wirkt.ch\/solothurn\/themen\/#breadcrumb\",\"itemListElement\":[{\"@type\":\"ListItem\",\"position\":1,\"name\":\"Home\",\"item\":\"https:\/\/kinder-und-jugendfoerderung-wirkt.ch\/solothurn\/\"},{\"@type\":\"ListItem\",\"position\":2,\"name\":\"Themen\"}]},{\"@type\":\"WebSite\",\"@id\":\"https:\/\/kinder-und-jugendfoerderung-wirkt.ch\/solothurn\/#website\",\"url\":\"https:\/\/kinder-und-jugendfoerderung-wirkt.ch\/solothurn\/\",\"name\":\"Solothurn - Kinder- und Jugendf\u00f6rderung wirkt\",\"description\":\"\",\"potentialAction\":[{\"@type\":\"SearchAction\",\"target\":{\"@type\":\"EntryPoint\",\"urlTemplate\":\"https:\/\/kinder-und-jugendfoerderung-wirkt.ch\/solothurn\/?s={search_term_string}\"},\"query-input\":{\"@type\":\"PropertyValueSpecification\",\"valueRequired\":true,\"valueName\":\"search_term_string\"}}],\"inLanguage\":\"de-CH\"}]}<\/script>\n<!-- \/ Yoast SEO plugin. -->","yoast_head_json":{"title":"Themen - Solothurn - Kinder- und Jugendf\u00f6rderung wirkt","robots":{"index":"index","follow":"follow","max-snippet":"max-snippet:-1","max-image-preview":"max-image-preview:large","max-video-preview":"max-video-preview:-1"},"canonical":"https:\/\/kinder-und-jugendfoerderung-wirkt.ch\/solothurn\/themen\/","og_locale":"de_DE","og_type":"article","og_title":"Themen - Solothurn - Kinder- und Jugendf\u00f6rderung wirkt","og_description":"Querschnittthemen Die Kinder- und Jugendf\u00f6rderung umfasst vielf\u00e4ltige Lebensbereiche von Kindern und Jugendlichen. Kindundjugend.so b\u00fcndelt gemeinsam mit den Fachstellen der Offenen Kinder- und Jugendarbeit im Kanton Solothurn Fachwissen und Angebote zu relevanten Querschnittthemen. Die Themendossiers bieten Fachpersonen, kommunalen Entscheidungstragenden und weiteren Akteur*innen fundierte Grundlagen und praxisnahe Werkzeuge aus der Offenen Kinder- und Jugendarbeit, um auf aktuelle [&hellip;]","og_url":"https:\/\/kinder-und-jugendfoerderung-wirkt.ch\/solothurn\/themen\/","og_site_name":"Solothurn - Kinder- und Jugendf\u00f6rderung wirkt","article_modified_time":"2025-11-25T14:28:41+00:00","twitter_card":"summary_large_image","twitter_misc":{"Gesch\u00e4tzte Lesezeit":"1\u00a0Minute"},"schema":{"@context":"https:\/\/schema.org","@graph":[{"@type":"WebPage","@id":"https:\/\/kinder-und-jugendfoerderung-wirkt.ch\/solothurn\/themen\/","url":"https:\/\/kinder-und-jugendfoerderung-wirkt.ch\/solothurn\/themen\/","name":"Themen - Solothurn - Kinder- und Jugendf\u00f6rderung wirkt","isPartOf":{"@id":"https:\/\/kinder-und-jugendfoerderung-wirkt.ch\/solothurn\/#website"},"datePublished":"2022-09-27T08:58:44+00:00","dateModified":"2025-11-25T14:28:41+00:00","breadcrumb":{"@id":"https:\/\/kinder-und-jugendfoerderung-wirkt.ch\/solothurn\/themen\/#breadcrumb"},"inLanguage":"de-CH","potentialAction":[{"@type":"ReadAction","target":["https:\/\/kinder-und-jugendfoerderung-wirkt.ch\/solothurn\/themen\/"]}]},{"@type":"BreadcrumbList","@id":"https:\/\/kinder-und-jugendfoerderung-wirkt.ch\/solothurn\/themen\/#breadcrumb","itemListElement":[{"@type":"ListItem","position":1,"name":"Home","item":"https:\/\/kinder-und-jugendfoerderung-wirkt.ch\/solothurn\/"},{"@type":"ListItem","position":2,"name":"Themen"}]},{"@type":"WebSite","@id":"https:\/\/kinder-und-jugendfoerderung-wirkt.ch\/solothurn\/#website","url":"https:\/\/kinder-und-jugendfoerderung-wirkt.ch\/solothurn\/","name":"Solothurn - Kinder- und Jugendf\u00f6rderung wirkt","description":"","potentialAction":[{"@type":"SearchAction","target":{"@type":"EntryPoint","urlTemplate":"https:\/\/kinder-und-jugendfoerderung-wirkt.ch\/solothurn\/?s={search_term_string}"},"query-input":{"@type":"PropertyValueSpecification","valueRequired":true,"valueName":"search_term_string"}}],"inLanguage":"de-CH"}]}},"_links":{"self":[{"href":"https:\/\/kinder-und-jugendfoerderung-wirkt.ch\/solothurn\/wp-json\/wp\/v2\/pages\/15","targetHints":{"allow":["GET"]}}],"collection":[{"href":"https:\/\/kinder-und-jugendfoerderung-wirkt.ch\/solothurn\/wp-json\/wp\/v2\/pages"}],"about":[{"href":"https:\/\/kinder-und-jugendfoerderung-wirkt.ch\/solothurn\/wp-json\/wp\/v2\/types\/page"}],"author":[{"embeddable":true,"href":"https:\/\/kinder-und-jugendfoerderung-wirkt.ch\/solothurn\/wp-json\/wp\/v2\/users\/2"}],"replies":[{"embeddable":true,"href":"https:\/\/kinder-und-jugendfoerderung-wirkt.ch\/solothurn\/wp-json\/wp\/v2\/comments?post=15"}],"version-history":[{"count":208,"href":"https:\/\/kinder-und-jugendfoerderung-wirkt.ch\/solothurn\/wp-json\/wp\/v2\/pages\/15\/revisions"}],"predecessor-version":[{"id":1121,"href":"https:\/\/kinder-und-jugendfoerderung-wirkt.ch\/solothurn\/wp-json\/wp\/v2\/pages\/15\/revisions\/1121"}],"wp:attachment":[{"href":"https:\/\/kinder-und-jugendfoerderung-wirkt.ch\/solothurn\/wp-json\/wp\/v2\/media?parent=15"}],"curies":[{"name":"wp","href":"https:\/\/api.w.org\/{rel}","templated":true}]}}