{"id":1003,"date":"2025-04-29T14:08:25","date_gmt":"2025-04-29T14:08:25","guid":{"rendered":"https:\/\/kinder-und-jugendfoerderung-wirkt.ch\/solothurn\/?page_id=1003"},"modified":"2025-11-04T14:21:28","modified_gmt":"2025-11-04T14:21:28","slug":"good-practice","status":"publish","type":"page","link":"https:\/\/kinder-und-jugendfoerderung-wirkt.ch\/solothurn\/good-practice\/","title":{"rendered":"Good Practice"},"content":{"rendered":"\n<p>Auf dieser Plattform werden regionale Projekte aus dem Kanton Solothurn vorgestellt. Die Projektgrundlagen k\u00f6nnen Fachpersonen und Entscheidungstr\u00e4ger:innen auf Anfrage zur Verf\u00fcgung gestellt werden. Die Projekte werden durch den Swisslos-Fonds des Kantons Solothurn finanziell unterst\u00fctzt.<\/p>\n\n\n\t<section class=\"accordion-section\">\n\t\t<div class=\"row\">\n\t\t\t<div class=\"col-12\">\n\t\t\t\t<div class=\"kjw-accordion_wrap\">\n\t\t\t\t\t\t\t\t\t\t\t\t\t\t\t\t\t<div class=\"kjw-accordion\">\n\t\t\t\t\t\t\t<div class=\"kjw-accordion_header\">\n\t\t\t\t\t\t\t\t<h2 class=\"kjw-accordion_title\">Jugendwoche Dornach<\/h2>\n\t\t\t\t\t\t\t\t<button class=\"kjw-accordion_toggle\">\n\t\t\t\t\t\t\t\t\t<svg width=\"20\" height=\"12\" viewBox=\"0 0 20 12\" fill=\"none\" xmlns=\"http:\/\/www.w3.org\/2000\/svg\">\n<path d=\"M1.87039 0.165039L0.100391 1.93504L10.0004 11.835L19.9004 1.93504L18.1304 0.165039L10.0004 8.29504L1.87039 0.165039V0.165039Z\" fill=\"#373737\" fill-opacity=\"0.7\"\/>\n<\/svg>\n\t\t\t\t\t\t\t\t<\/button>\n\t\t\t\t\t\t\t<\/div>\n\t\t\t\t\t\t\t<div class=\"kjw-accordion_content\">\n\t\t\t\t\t\t\t\t<h2><a href=\"https:\/\/www.jugendwoche.ch\/home\">Jugendwoche Dornach<\/a><\/h2>\n<p>Die Jugendwoche hat sich aus der interkantonalen M\u00e4dchenwoche (ab 2011) und der interkantonalen Bubenwoche (ab 2014) entwickelt. Rund 250 Jugendliche aus der ganzen Region nutzen Jahr f\u00fcr Jahr das Angebot der Jugendwoche und die Nachfrage ist ungebrochen hoch. Mit altersgerechten Angeboten sollen Jugendliche unterst\u00fctzt werden, sich selbst und ihre F\u00e4higkeiten besser kennen und achten zu lernen und die eigene Identit\u00e4t entdecken und entfalten zu k\u00f6nnen.<\/p>\n<p>Kontakt: <a href=\"https:\/\/jugendarbeit-dornach.ch\/\">Jugendarbeit Dornach<\/a><\/p>\n\t\t\t\t\t\t\t<\/div>\n\t\t\t\t\t\t<\/div>\n\t\t\t\t\t\t\t\t\t\t\t\t\t\t\t\t\t<div class=\"kjw-accordion\">\n\t\t\t\t\t\t\t<div class=\"kjw-accordion_header\">\n\t\t\t\t\t\t\t\t<h2 class=\"kjw-accordion_title\">OMG Abschlussparty Region Solothurn<\/h2>\n\t\t\t\t\t\t\t\t<button class=\"kjw-accordion_toggle\">\n\t\t\t\t\t\t\t\t\t<svg width=\"20\" height=\"12\" viewBox=\"0 0 20 12\" fill=\"none\" xmlns=\"http:\/\/www.w3.org\/2000\/svg\">\n<path d=\"M1.87039 0.165039L0.100391 1.93504L10.0004 11.835L19.9004 1.93504L18.1304 0.165039L10.0004 8.29504L1.87039 0.165039V0.165039Z\" fill=\"#373737\" fill-opacity=\"0.7\"\/>\n<\/svg>\n\t\t\t\t\t\t\t\t<\/button>\n\t\t\t\t\t\t\t<\/div>\n\t\t\t\t\t\t\t<div class=\"kjw-accordion_content\">\n\t\t\t\t\t\t\t\t<h2><a href=\"https:\/\/www.instagram.com\/reel\/DM5uOmCsjp_\/\">OH MY GRADUATION<\/a><\/h2>\n<p>Traditionellerweise geh\u00f6rt ein gemeinsamer Abschluss mit den Schulkolleg*innen zum Schulabschluss. An der OH MY GRADUATION Abschlussparty feiern 9. Kl\u00e4ssler*innen aus der Region in der Kulturfabrik Kofmehl ihren Schulabschluss. Das Projekt ist eine Kooperation der regionalen OKJA-Stellen Bellach, Biberist, Grenchen, Langendorf, Luterbach, Solothurn und Zuchwil sowie der Kulturfabrik Kofmehl.<\/p>\n<p>Kontakt: <a href=\"https:\/\/altesspital.ch\/soziales\/jugendarbeit\/\">Jugendarbeit Solothurn<\/a><\/p>\n\t\t\t\t\t\t\t<\/div>\n\t\t\t\t\t\t<\/div>\n\t\t\t\t\t\t\t\t\t<\/div>\n\t\t\t<\/div>\n\t\t<\/div>\n\t<\/section>\n\n\n\n<p><\/p>\n","protected":false},"excerpt":{"rendered":"<p>Auf dieser Plattform werden regionale Projekte aus dem Kanton Solothurn vorgestellt. Die Projektgrundlagen k\u00f6nnen Fachpersonen und Entscheidungstr\u00e4ger:innen auf Anfrage zur Verf\u00fcgung gestellt werden. Die Projekte werden durch den Swisslos-Fonds des Kantons Solothurn finanziell unterst\u00fctzt.<\/p>\n","protected":false},"author":12,"featured_media":0,"parent":0,"menu_order":0,"comment_status":"closed","ping_status":"closed","template":"","meta":{"_acf_changed":false,"footnotes":""},"class_list":["post-1003","page","type-page","status-publish","hentry"],"acf":[],"yoast_head":"<!-- This site is optimized with the Yoast SEO plugin v25.2 - https:\/\/yoast.com\/wordpress\/plugins\/seo\/ -->\n<title>Good Practice - Solothurn - Kinder- und Jugendf\u00f6rderung wirkt<\/title>\n<meta name=\"robots\" content=\"index, follow, max-snippet:-1, max-image-preview:large, max-video-preview:-1\" \/>\n<link rel=\"canonical\" href=\"https:\/\/kinder-und-jugendfoerderung-wirkt.ch\/solothurn\/good-practice\/\" \/>\n<meta property=\"og:locale\" content=\"de_DE\" \/>\n<meta property=\"og:type\" content=\"article\" \/>\n<meta property=\"og:title\" content=\"Good Practice - Solothurn - Kinder- und Jugendf\u00f6rderung wirkt\" \/>\n<meta property=\"og:description\" content=\"Auf dieser Plattform werden regionale Projekte aus dem Kanton Solothurn vorgestellt. Die Projektgrundlagen k\u00f6nnen Fachpersonen und Entscheidungstr\u00e4ger:innen auf Anfrage zur Verf\u00fcgung gestellt werden. Die Projekte werden durch den Swisslos-Fonds des Kantons Solothurn finanziell unterst\u00fctzt.\" \/>\n<meta property=\"og:url\" content=\"https:\/\/kinder-und-jugendfoerderung-wirkt.ch\/solothurn\/good-practice\/\" \/>\n<meta property=\"og:site_name\" content=\"Solothurn - Kinder- und Jugendf\u00f6rderung wirkt\" \/>\n<meta property=\"article:modified_time\" content=\"2025-11-04T14:21:28+00:00\" \/>\n<meta name=\"twitter:card\" content=\"summary_large_image\" \/>\n<meta name=\"twitter:label1\" content=\"Gesch\u00e4tzte Lesezeit\" \/>\n\t<meta name=\"twitter:data1\" content=\"1\u00a0Minute\" \/>\n<script type=\"application\/ld+json\" class=\"yoast-schema-graph\">{\"@context\":\"https:\/\/schema.org\",\"@graph\":[{\"@type\":\"WebPage\",\"@id\":\"https:\/\/kinder-und-jugendfoerderung-wirkt.ch\/solothurn\/good-practice\/\",\"url\":\"https:\/\/kinder-und-jugendfoerderung-wirkt.ch\/solothurn\/good-practice\/\",\"name\":\"Good Practice - Solothurn - Kinder- und Jugendf\u00f6rderung wirkt\",\"isPartOf\":{\"@id\":\"https:\/\/kinder-und-jugendfoerderung-wirkt.ch\/solothurn\/#website\"},\"datePublished\":\"2025-04-29T14:08:25+00:00\",\"dateModified\":\"2025-11-04T14:21:28+00:00\",\"breadcrumb\":{\"@id\":\"https:\/\/kinder-und-jugendfoerderung-wirkt.ch\/solothurn\/good-practice\/#breadcrumb\"},\"inLanguage\":\"de-CH\",\"potentialAction\":[{\"@type\":\"ReadAction\",\"target\":[\"https:\/\/kinder-und-jugendfoerderung-wirkt.ch\/solothurn\/good-practice\/\"]}]},{\"@type\":\"BreadcrumbList\",\"@id\":\"https:\/\/kinder-und-jugendfoerderung-wirkt.ch\/solothurn\/good-practice\/#breadcrumb\",\"itemListElement\":[{\"@type\":\"ListItem\",\"position\":1,\"name\":\"Home\",\"item\":\"https:\/\/kinder-und-jugendfoerderung-wirkt.ch\/solothurn\/\"},{\"@type\":\"ListItem\",\"position\":2,\"name\":\"Good Practice\"}]},{\"@type\":\"WebSite\",\"@id\":\"https:\/\/kinder-und-jugendfoerderung-wirkt.ch\/solothurn\/#website\",\"url\":\"https:\/\/kinder-und-jugendfoerderung-wirkt.ch\/solothurn\/\",\"name\":\"Solothurn - Kinder- und Jugendf\u00f6rderung wirkt\",\"description\":\"\",\"potentialAction\":[{\"@type\":\"SearchAction\",\"target\":{\"@type\":\"EntryPoint\",\"urlTemplate\":\"https:\/\/kinder-und-jugendfoerderung-wirkt.ch\/solothurn\/?s={search_term_string}\"},\"query-input\":{\"@type\":\"PropertyValueSpecification\",\"valueRequired\":true,\"valueName\":\"search_term_string\"}}],\"inLanguage\":\"de-CH\"}]}<\/script>\n<!-- \/ Yoast SEO plugin. -->","yoast_head_json":{"title":"Good Practice - Solothurn - Kinder- und Jugendf\u00f6rderung wirkt","robots":{"index":"index","follow":"follow","max-snippet":"max-snippet:-1","max-image-preview":"max-image-preview:large","max-video-preview":"max-video-preview:-1"},"canonical":"https:\/\/kinder-und-jugendfoerderung-wirkt.ch\/solothurn\/good-practice\/","og_locale":"de_DE","og_type":"article","og_title":"Good Practice - Solothurn - Kinder- und Jugendf\u00f6rderung wirkt","og_description":"Auf dieser Plattform werden regionale Projekte aus dem Kanton Solothurn vorgestellt. Die Projektgrundlagen k\u00f6nnen Fachpersonen und Entscheidungstr\u00e4ger:innen auf Anfrage zur Verf\u00fcgung gestellt werden. Die Projekte werden durch den Swisslos-Fonds des Kantons Solothurn finanziell unterst\u00fctzt.","og_url":"https:\/\/kinder-und-jugendfoerderung-wirkt.ch\/solothurn\/good-practice\/","og_site_name":"Solothurn - Kinder- und Jugendf\u00f6rderung wirkt","article_modified_time":"2025-11-04T14:21:28+00:00","twitter_card":"summary_large_image","twitter_misc":{"Gesch\u00e4tzte Lesezeit":"1\u00a0Minute"},"schema":{"@context":"https:\/\/schema.org","@graph":[{"@type":"WebPage","@id":"https:\/\/kinder-und-jugendfoerderung-wirkt.ch\/solothurn\/good-practice\/","url":"https:\/\/kinder-und-jugendfoerderung-wirkt.ch\/solothurn\/good-practice\/","name":"Good Practice - Solothurn - Kinder- und Jugendf\u00f6rderung wirkt","isPartOf":{"@id":"https:\/\/kinder-und-jugendfoerderung-wirkt.ch\/solothurn\/#website"},"datePublished":"2025-04-29T14:08:25+00:00","dateModified":"2025-11-04T14:21:28+00:00","breadcrumb":{"@id":"https:\/\/kinder-und-jugendfoerderung-wirkt.ch\/solothurn\/good-practice\/#breadcrumb"},"inLanguage":"de-CH","potentialAction":[{"@type":"ReadAction","target":["https:\/\/kinder-und-jugendfoerderung-wirkt.ch\/solothurn\/good-practice\/"]}]},{"@type":"BreadcrumbList","@id":"https:\/\/kinder-und-jugendfoerderung-wirkt.ch\/solothurn\/good-practice\/#breadcrumb","itemListElement":[{"@type":"ListItem","position":1,"name":"Home","item":"https:\/\/kinder-und-jugendfoerderung-wirkt.ch\/solothurn\/"},{"@type":"ListItem","position":2,"name":"Good Practice"}]},{"@type":"WebSite","@id":"https:\/\/kinder-und-jugendfoerderung-wirkt.ch\/solothurn\/#website","url":"https:\/\/kinder-und-jugendfoerderung-wirkt.ch\/solothurn\/","name":"Solothurn - Kinder- und Jugendf\u00f6rderung wirkt","description":"","potentialAction":[{"@type":"SearchAction","target":{"@type":"EntryPoint","urlTemplate":"https:\/\/kinder-und-jugendfoerderung-wirkt.ch\/solothurn\/?s={search_term_string}"},"query-input":{"@type":"PropertyValueSpecification","valueRequired":true,"valueName":"search_term_string"}}],"inLanguage":"de-CH"}]}},"_links":{"self":[{"href":"https:\/\/kinder-und-jugendfoerderung-wirkt.ch\/solothurn\/wp-json\/wp\/v2\/pages\/1003","targetHints":{"allow":["GET"]}}],"collection":[{"href":"https:\/\/kinder-und-jugendfoerderung-wirkt.ch\/solothurn\/wp-json\/wp\/v2\/pages"}],"about":[{"href":"https:\/\/kinder-und-jugendfoerderung-wirkt.ch\/solothurn\/wp-json\/wp\/v2\/types\/page"}],"author":[{"embeddable":true,"href":"https:\/\/kinder-und-jugendfoerderung-wirkt.ch\/solothurn\/wp-json\/wp\/v2\/users\/12"}],"replies":[{"embeddable":true,"href":"https:\/\/kinder-und-jugendfoerderung-wirkt.ch\/solothurn\/wp-json\/wp\/v2\/comments?post=1003"}],"version-history":[{"count":17,"href":"https:\/\/kinder-und-jugendfoerderung-wirkt.ch\/solothurn\/wp-json\/wp\/v2\/pages\/1003\/revisions"}],"predecessor-version":[{"id":1097,"href":"https:\/\/kinder-und-jugendfoerderung-wirkt.ch\/solothurn\/wp-json\/wp\/v2\/pages\/1003\/revisions\/1097"}],"wp:attachment":[{"href":"https:\/\/kinder-und-jugendfoerderung-wirkt.ch\/solothurn\/wp-json\/wp\/v2\/media?parent=1003"}],"curies":[{"name":"wp","href":"https:\/\/api.w.org\/{rel}","templated":true}]}}